{"id":158,"date":"2022-11-09T23:36:22","date_gmt":"2022-11-09T23:36:22","guid":{"rendered":"https:\/\/www.ikaslan.com\/?page_id=158"},"modified":"2026-03-07T14:40:12","modified_gmt":"2026-03-07T13:40:12","slug":"inicio","status":"publish","type":"page","link":"https:\/\/www.ikaslanfundazioa.eus\/es\/","title":{"rendered":"Inicio"},"content":{"rendered":"<div class=\"gb-container gb-container-d455f939\"><div class=\"gb-inside-container\">\n<div class=\"gb-container gb-container-9bf7481c\"><div class=\"gb-inside-container\"><\/div><\/div>\n\n\n<style>\n.background-video {\n  position: relative;\n  padding-bottom: 56.25%;\n  height: 0;\n\n}\n.background-video iframe {\n  position: absolute;\n  top: 0;\n  left: 0;\n  width: 100%;\n  height: 100%;\n}\n<\/style>\n<div class=\"background-video\">\n<iframe loading=\"lazy\" width=\"100%\" height=\"1080px\" src=\"https:\/\/www.youtube.com\/embed\/zDkxaofci9U?loop=1&amp;autoplay=1&amp;mute=1&amp;showinfo=0&amp;modestbranding=1&amp;controls=0\" title=\"YouTube video player\"><\/iframe>\n<\/div>\n\n<\/div><\/div>\n\n<div class=\"gb-container gb-container-cb0da600\"><div class=\"gb-inside-container\">\n\n<h1 class=\"gb-headline gb-headline-39a7a871 gb-headline-text\">\u00abLa empresa que forma PROFESIONALES\u00bb<\/h1>\n\n<\/div><\/div>\n\n<div class=\"gb-container gb-container-2f51b624\"><div class=\"gb-inside-container\">\n\n<div class=\"wp-block-columns wp-block-columnsGap is-layout-flex wp-container-core-columns-is-layout-9d6595d7 wp-block-columns-is-layout-flex\">\n<div class=\"wp-block-column is-layout-flow wp-block-column-is-layout-flow\">\n<figure class=\"wp-block-image size-large is-style-default\"><img loading=\"lazy\" decoding=\"async\" width=\"1024\" height=\"681\" src=\"https:\/\/www.ikaslan.com\/wp-content\/uploads\/2022\/12\/ikaslan_baja_190_Meetmeinthenorth2022-1024x681.jpg\" alt=\"\" class=\"wp-image-1166\" srcset=\"https:\/\/www.ikaslanfundazioa.eus\/wp-content\/uploads\/2022\/12\/ikaslan_baja_190_Meetmeinthenorth2022-1024x681.jpg 1024w, https:\/\/www.ikaslanfundazioa.eus\/wp-content\/uploads\/2022\/12\/ikaslan_baja_190_Meetmeinthenorth2022-300x200.jpg 300w, https:\/\/www.ikaslanfundazioa.eus\/wp-content\/uploads\/2022\/12\/ikaslan_baja_190_Meetmeinthenorth2022-768x511.jpg 768w, https:\/\/www.ikaslanfundazioa.eus\/wp-content\/uploads\/2022\/12\/ikaslan_baja_190_Meetmeinthenorth2022-1536x1022.jpg 1536w, https:\/\/www.ikaslanfundazioa.eus\/wp-content\/uploads\/2022\/12\/ikaslan_baja_190_Meetmeinthenorth2022.jpg 1920w\" sizes=\"auto, (max-width: 1024px) 100vw, 1024px\" \/><\/figure>\n<\/div>\n\n\n\n<div class=\"wp-block-column is-layout-flow wp-block-column-is-layout-flow\"><div class=\"gb-container gb-container-9df48dbc\"><div class=\"gb-inside-container\">\n\n<h2 class=\"gb-headline gb-headline-e231f241 gb-headline-text\">\u00bfQu\u00e9 es&nbsp;<strong>Ikaslan Fundazioa<\/strong>?<\/h2>\n\n\n\n<p>Somos un centro de pr\u00e1cticas donde&nbsp;<strong>el alumnado de Goierri Eskola&nbsp;<\/strong>procedentes de formaci\u00f3n profesional, combinan su formaci\u00f3n te\u00f3rico-pr\u00e1ctica desarrollada en el aula con unas&nbsp;<strong>pr\u00e1cticas de calidad desarrolladas en nuestra entidad<\/strong>, complementando as\u00ed su aprendizaje para&nbsp;<strong>facilitar el salto al mercado laboral<\/strong>.<\/p>\n\n\n\n<p>En proceso formativo que va desde el aula al mundo laboral, a\u00f1adimos valor en forma de experiencia pr\u00e1ctica para el futuro profesional de los\/as alumnos\/as,&nbsp;<strong>necesario y reconocido por las empresas<\/strong>.<\/p>\n\n\n\n<p>Adem\u00e1s, desde Ikaslan Fundazioa ofrecemos un&nbsp;<strong>servicio de producci\u00f3n a las empresas<\/strong>&nbsp;y nos valemos de dichos trabajos para formar al alumnado que realiza sus pr\u00e1cticas con nosotros.<\/p>\n\n<\/div><\/div><\/div>\n<\/div>\n\n<\/div><\/div>\n\n<div class=\"gb-container gb-container-4036a481\"><div class=\"gb-inside-container\">\n\n<h1 class=\"gb-headline gb-headline-efa34946 gb-headline-text\">\u00abTe ayudaremos a crecer como PROFESIONAL. La clave est\u00e1 en la ACTITUD\u00bb<\/h1>\n\n<\/div><\/div>\n\n<div class=\"gb-container gb-container-cde4f1ab\"><div class=\"gb-inside-container\">\n<div class=\"gb-grid-wrapper gb-grid-wrapper-51841a2d\">\n<div class=\"gb-grid-column gb-grid-column-65b34ec1\"><div class=\"gb-container gb-container-65b34ec1 sombraCaja\"><a class=\"gb-container-link\" href=\"https:\/\/www.ikaslanfundazioa.eus\/es\/a-empresas\/\"><\/a><div class=\"gb-inside-container\">\n\n<h2 class=\"gb-headline gb-headline-c5be0826 gb-headline-text\"><strong>Ofrecemos a las empresas<\/strong><\/h2>\n\n\n\n<p>Fabricaci\u00f3n de producto bajo plano en condiciones y requisitos establecidos en varias actividades industriales.<\/p>\n\n\n<div class=\"gb-button-wrapper gb-button-wrapper-838eaa72\">\n\n<a class=\"gb-button gb-button-3a641fa6\" href=\"https:\/\/www.ikaslanfundazioa.eus\/es\/a-empresas\/\"><span class=\"gb-button-text\">Seguir leyendo<\/span><span class=\"gb-icon\"><svg aria-hidden=\"true\" role=\"img\" height=\"1em\" width=\"1em\" viewBox=\"0 0 256 512\" xmlns=\"http:\/\/www.w3.org\/2000\/svg\"><path fill=\"currentColor\" d=\"M224.3 273l-136 136c-9.4 9.4-24.6 9.4-33.9 0l-22.6-22.6c-9.4-9.4-9.4-24.6 0-33.9l96.4-96.4-96.4-96.4c-9.4-9.4-9.4-24.6 0-33.9L54.3 103c9.4-9.4 24.6-9.4 33.9 0l136 136c9.5 9.4 9.5 24.6.1 34z\"><\/path><\/svg><\/span><\/a>\n\n<\/div>\n<\/div><\/div><\/div>\n\n<div class=\"gb-grid-column gb-grid-column-4af994d8\"><div class=\"gb-container gb-container-4af994d8 sombraCaja\"><a class=\"gb-container-link\" href=\"https:\/\/www.ikaslanfundazioa.eus\/es\/a-alumnos\/\"><\/a><div class=\"gb-inside-container\">\n\n<h2 class=\"gb-headline gb-headline-1606088b gb-headline-text\"><strong>Ofrecemos a las\/os alumnas\/os<\/strong><\/h2>\n\n\n\n<p>Trabajaremos conjuntamente tanto alumnas\/os&nbsp;como profesionales para complementar tu formaci\u00f3n.<\/p>\n\n\n<div class=\"gb-button-wrapper gb-button-wrapper-b15cc5d2\">\n\n<a class=\"gb-button gb-button-12a6ad82\" href=\"https:\/\/www.ikaslanfundazioa.eus\/es\/a-alumnos\/\"><span class=\"gb-button-text\">Seguir leyendo<\/span><span class=\"gb-icon\"><svg aria-hidden=\"true\" role=\"img\" height=\"1em\" width=\"1em\" viewBox=\"0 0 256 512\" xmlns=\"http:\/\/www.w3.org\/2000\/svg\"><path fill=\"currentColor\" d=\"M224.3 273l-136 136c-9.4 9.4-24.6 9.4-33.9 0l-22.6-22.6c-9.4-9.4-9.4-24.6 0-33.9l96.4-96.4-96.4-96.4c-9.4-9.4-9.4-24.6 0-33.9L54.3 103c9.4-9.4 24.6-9.4 33.9 0l136 136c9.5 9.4 9.5 24.6.1 34z\"><\/path><\/svg><\/span><\/a>\n\n<\/div>\n<\/div><\/div><\/div>\n\n<div class=\"gb-grid-column gb-grid-column-0b376cbd\"><div class=\"gb-container gb-container-0b376cbd sombraCaja\"><a class=\"gb-container-link\" href=\"https:\/\/www.ikaslanfundazioa.eus\/es\/a-empresas\/\"><\/a><div class=\"gb-inside-container\">\n\n<h2 class=\"gb-headline gb-headline-224d6897 gb-headline-text\"><strong>Ofrecemos a la sociedad<\/strong><\/h2>\n\n\n\n<p>Cada a\u00f1o formamos para las empresas a m\u00e1s de 100 alumnos\/as que han realizado pr\u00e1cticas de calidad.<\/p>\n\n\n<div class=\"gb-button-wrapper gb-button-wrapper-bf57e26a\">\n\n<a class=\"gb-button gb-button-87048307\" href=\"https:\/\/www.ikaslanfundazioa.eus\/es\/a-empresas\/\"><span class=\"gb-button-text\">Seguir leyendo<\/span><span class=\"gb-icon\"><svg aria-hidden=\"true\" role=\"img\" height=\"1em\" width=\"1em\" viewBox=\"0 0 256 512\" xmlns=\"http:\/\/www.w3.org\/2000\/svg\"><path fill=\"currentColor\" d=\"M224.3 273l-136 136c-9.4 9.4-24.6 9.4-33.9 0l-22.6-22.6c-9.4-9.4-9.4-24.6 0-33.9l96.4-96.4-96.4-96.4c-9.4-9.4-9.4-24.6 0-33.9L54.3 103c9.4-9.4 24.6-9.4 33.9 0l136 136c9.5 9.4 9.5 24.6.1 34z\"><\/path><\/svg><\/span><\/a>\n\n<\/div>\n<\/div><\/div><\/div>\n<\/div>\n<\/div><div class=\"gb-shapes\"><div class=\"gb-shape gb-shape-1\"><svg xmlns=\"http:\/\/www.w3.org\/2000\/svg\" viewBox=\"0 0 1200 194.3\" preserveAspectRatio=\"none\"><path d=\"M1200 133.3l-50 8.9c-50 8.6-150 26.9-250 31.1-100 4.2-200-4.2-300-26.7S400 89.2 300 62.2C200 35.8 100 17.5 50 8.9L0 0v194.3h1200v-61z\"\/><\/svg><\/div><\/div><\/div>\n\n<div class=\"gb-container gb-container-616d7752\"><div class=\"gb-inside-container\">\n<div class=\"gb-container gb-container-4460dd68\"><div class=\"gb-inside-container\">\n\n<div class=\"wp-block-columns background-video-content ancho is-layout-flex wp-container-core-columns-is-layout-9d6595d7 wp-block-columns-is-layout-flex\">\n<div class=\"wp-block-column is-layout-flow wp-block-column-is-layout-flow\" style=\"flex-basis:66%\"><\/div>\n\n\n\n<div class=\"wp-block-column alinear is-layout-flow wp-block-column-is-layout-flow\" style=\"flex-basis:33%\">\n<h2 class=\"gb-headline gb-headline-d63fe4a5 gb-headline-text sombraCaja\">Ikaslan Fundazioa<\/h2>\n\n\n<div class=\"gb-container gb-container-1d5f5585\">\n\n<p class=\"has-text-align-center has-medium-font-size\">Mallutz Kalea 23-24<br>20.240 Ordizia (Gipuzkoa)<br>Tel: (+34) 943 160 089<br>email:&nbsp;<a href=\"mailto:info@ikaslanfundazioa.eus\" data-type=\"mailto\" data-id=\"mailto:ikaslan@ikaslan.com\">info@ikaslanfundazioa.eus<\/a><\/p>\n\n<\/div><\/div>\n<\/div>\n\n<\/div><\/div>\n\n\n<style>\n.background-map{\n    position: absolute;\n    top: 0;\n    right: 0;\n    bottom: 0;\n    left: 0;\n    opacity: 1;\n}\n\n.background-map-content {\n    position: relative;\n    z-index: 1;\n}\n<\/style>\n<div class=\"background-map\">\n<iframe src=\"https:\/\/www.google.com\/maps\/embed?pb=!1m14!1m8!1m3!1d11662.29783848889!2d-2.1789968!3d43.0503842!3m2!1i1024!2i768!4f13.1!3m3!1m2!1s0xd50365bd0bc8447%3A0xafbf4ea0ee8e8c7e!2sIkaslan%20Fundazioa!5e0!3m2!1ses!2ses!4v1677007888095!5m2!1ses!2ses\" width=\"100%\" height=\"100%\" style=\"border:0;\" allowfullscreen=\"\" loading=\"lazy\" referrerpolicy=\"no-referrer-when-downgrade\"><\/iframe>\n<\/div>\n\n<\/div><\/div>","protected":false},"excerpt":{"rendered":"<p>\u00abLa empresa que forma PROFESIONALES\u00bb \u00bfQu\u00e9 es&nbsp;Ikaslan Fundazioa? Somos un centro de pr\u00e1cticas donde&nbsp;el alumnado de Goierri Eskola&nbsp;procedentes de formaci\u00f3n profesional, combinan su formaci\u00f3n te\u00f3rico-pr\u00e1ctica desarrollada en el aula con unas&nbsp;pr\u00e1cticas de calidad desarrolladas en nuestra entidad, complementando as\u00ed su aprendizaje para&nbsp;facilitar el salto al mercado laboral. En proceso formativo que va desde el aula &#8230; <a title=\"Inicio\" class=\"read-more\" href=\"https:\/\/www.ikaslanfundazioa.eus\/es\/\" aria-label=\"M\u00e1s en Inicio\">Leer m\u00e1s<\/a><\/p>\n","protected":false},"author":1,"featured_media":0,"parent":0,"menu_order":0,"comment_status":"closed","ping_status":"closed","template":"","meta":{"footnotes":""},"class_list":["post-158","page","type-page","status-publish"],"_links":{"self":[{"href":"https:\/\/www.ikaslanfundazioa.eus\/es\/wp-json\/wp\/v2\/pages\/158","targetHints":{"allow":["GET"]}}],"collection":[{"href":"https:\/\/www.ikaslanfundazioa.eus\/es\/wp-json\/wp\/v2\/pages"}],"about":[{"href":"https:\/\/www.ikaslanfundazioa.eus\/es\/wp-json\/wp\/v2\/types\/page"}],"author":[{"embeddable":true,"href":"https:\/\/www.ikaslanfundazioa.eus\/es\/wp-json\/wp\/v2\/users\/1"}],"replies":[{"embeddable":true,"href":"https:\/\/www.ikaslanfundazioa.eus\/es\/wp-json\/wp\/v2\/comments?post=158"}],"version-history":[{"count":65,"href":"https:\/\/www.ikaslanfundazioa.eus\/es\/wp-json\/wp\/v2\/pages\/158\/revisions"}],"predecessor-version":[{"id":3965,"href":"https:\/\/www.ikaslanfundazioa.eus\/es\/wp-json\/wp\/v2\/pages\/158\/revisions\/3965"}],"wp:attachment":[{"href":"https:\/\/www.ikaslanfundazioa.eus\/es\/wp-json\/wp\/v2\/media?parent=158"}],"curies":[{"name":"wp","href":"https:\/\/api.w.org\/{rel}","templated":true}]}}