{"id":1710,"date":"2023-01-16T14:38:58","date_gmt":"2023-01-16T14:38:58","guid":{"rendered":"https:\/\/www.ikaslan.com\/?page_id=1710"},"modified":"2026-03-31T09:58:52","modified_gmt":"2026-03-31T08:58:52","slug":"tecnico","status":"publish","type":"page","link":"https:\/\/www.ikaslanfundazioa.eus\/es\/tecnico\/","title":{"rendered":"T\u00e9cnico"},"content":{"rendered":"<div class=\"gb-container gb-container-142056a9\" style=\"--background-image: url(https:\/\/www.ikaslanfundazioa.eus\/wp-content\/uploads\/2022\/12\/ikaslan_baja_119_Meetmeinthenorth2022.jpg);\"><div class=\"gb-inside-container\">\n\n<div class=\"wp-block-columns is-layout-flex wp-container-core-columns-is-layout-9d6595d7 wp-block-columns-is-layout-flex\">\n<div class=\"wp-block-column is-layout-flow wp-block-column-is-layout-flow\" style=\"flex-basis:66%\"><div class=\"gb-container gb-container-b184bd7e sombraCaja\"><div class=\"gb-inside-container\">\n\n<h2 class=\"gb-headline gb-headline-1ffff900 gb-headline-text\">Para alumnado de <strong>FP de Grado Medio<\/strong><\/h2>\n\n\n\n<p><strong>Perfil profesional<\/strong><\/p>\n\n\n\n<p>T\u00e9cnico\/a<\/p>\n\n\n\n<p><strong>Competencia general<\/strong><\/p>\n\n\n\n<p>El alumno\/a desarrollar\u00e1 su perfil mediante la realizaci\u00f3n<br>de trabajos operacionales. Interiorizar\u00e1 tareas tales como orden y limpieza, seguridad, calidad y mantenimiento.<br>Asegurar\u00e1 el correcto funcionamiento de la organizaci\u00f3n<\/p>\n\n\n\n<p><strong>Duraci\u00f3n<\/strong><\/p>\n\n\n\n<p>Desde junio\/julio de 1<sup>er <\/sup>curso a junio de 2\u00ba curso<\/p>\n\n\n\n<p><strong>Condiciones de acceso<\/strong><\/p>\n\n\n\n<ul class=\"wp-block-list\">\n<li>Haber superado el 1<sup>er <\/sup>curso de ciclo de Grado Medio<\/li>\n\n\n\n<li>Estar inscrito\/a en la opci\u00f3n de pr\u00e1cticas en Ikaslan Fundazioa.<\/li>\n\n\n\n<li>Visto bueno del equipo evaluador (Goierri Eskola + Ikaslan Fundazioa)<\/li>\n<\/ul>\n\n<\/div><\/div><\/div>\n\n\n\n<div class=\"wp-block-column is-layout-flow wp-block-column-is-layout-flow\" style=\"flex-basis:33%\"><div class=\"gb-container gb-container-f0919223 sombraCaja\"><div class=\"gb-inside-container\">\n\n<h4 class=\"gb-headline gb-headline-35577fdc gb-headline-text\">PROGRAMA<\/h4>\n\n\n\n<h4 class=\"gb-headline gb-headline-be3cabf2 gb-headline-text\"><strong>T\u00e9cnico\/a<\/strong><\/h4>\n\n<\/div><\/div>\n\n<div class=\"gb-button-wrapper gb-button-wrapper-90734bcb\">\n\n<a class=\"gb-button gb-button-4c19c795 gb-button-text\" href=\"https:\/\/drive.google.com\/file\/d\/1sKL0k47cCpAs4nTs6ifMToQU324y62V8\/view?usp=share_link\" target=\"_blank\" rel=\"noopener noreferrer\">Descargar folleto<\/a>\n\n<\/div>\n\n<div class=\"gb-container gb-container-dbfda6b5 sombraCaja\"><div class=\"gb-inside-container\">\n\n<h3 class=\"gb-headline gb-headline-5fa4cf79 gb-headline-text\">No dudes, <strong>invierte <\/strong>en tu formaci\u00f3n<\/h3>\n\n<\/div><\/div><\/div>\n<\/div>\n\n<\/div><div class=\"gb-shapes\"><div class=\"gb-shape gb-shape-1\"><svg xmlns=\"http:\/\/www.w3.org\/2000\/svg\" viewBox=\"0 0 1200 194.3\" preserveAspectRatio=\"none\"><path d=\"M1200 133.3l-50 8.9c-50 8.6-150 26.9-250 31.1-100 4.2-200-4.2-300-26.7S400 89.2 300 62.2C200 35.8 100 17.5 50 8.9L0 0v194.3h1200v-61z\"\/><\/svg><\/div><div class=\"gb-shape gb-shape-2\"><svg xmlns=\"http:\/\/www.w3.org\/2000\/svg\" viewBox=\"0 0 1200 194.3\" preserveAspectRatio=\"none\"><path d=\"M1200 133.3l-50 8.9c-50 8.6-150 26.9-250 31.1-100 4.2-200-4.2-300-26.7S400 89.2 300 62.2C200 35.8 100 17.5 50 8.9L0 0v194.3h1200v-61z\"\/><\/svg><\/div><\/div><\/div>\n\n<div class=\"gb-container gb-container-7e37d40f\"><div class=\"gb-inside-container\">\n\n<h2 class=\"gb-headline gb-headline-f0296752 gb-headline-text\">En tu periodo de pr\u00e1cticas desarrollar\u00e1s los siguientes 3 bloques:<\/h2>\n\n\n\n<h2 class=\"gb-headline gb-headline-f7d2ceec gb-headline-text\">T\u00e9cnica<\/h2>\n\n\n\n<figure class=\"wp-block-table\"><table class=\"has-base-3-color has-text-color has-background\" style=\"background-color:#00b0f0\"><thead><tr><th><\/th><th><\/th><th>Actividad<\/th><th>Descripci\u00f3n<\/th><\/tr><\/thead><tbody><tr><td>T1<\/td><td><\/td><td>Profundizar en conceptos t\u00e9cnicos<sup>1<\/sup><\/td><td>Habilidad, tiempo empleado, herramientas, calidad, autonom\u00eda<\/td><\/tr><\/tbody><\/table><figcaption class=\"wp-element-caption\"><sup>1<\/sup>Presentaciones para conocer el funcionamiento de la empresa<\/figcaption><\/figure>\n\n\n\n<h2 class=\"gb-headline gb-headline-af105015 gb-headline-text\">Norma<\/h2>\n\n\n\n<figure class=\"wp-block-table\"><table class=\"has-base-3-color has-text-color has-background\" style=\"background-color:#00b0f0\"><thead><tr><th><\/th><th><\/th><th>Actividad<\/th><th>Descripci\u00f3n<\/th><\/tr><\/thead><tbody><tr><td>A2<\/td><td><\/td><td>Sistema de sugerencias<\/td><td>Marcos y metodolog\u00eda de mejora<\/td><\/tr><tr><td>A3<\/td><td><\/td><td>Delegaci\u00f3n de funciones (responsabilidad)<sup>2<\/sup><\/td><td>Cooperaci\u00f3n y distribuci\u00f3n del trabajo<\/td><\/tr><\/tbody><\/table><figcaption class=\"wp-element-caption\"><sup>2<\/sup>Mediante sistema de control-ejecuci\u00f3n avanzado<\/figcaption><\/figure>\n\n\n\n<h2 class=\"gb-headline gb-headline-07bb1ca0 gb-headline-text\">Mejora<\/h2>\n\n\n\n<figure class=\"wp-block-table\"><table class=\"has-base-3-color has-text-color has-background\" style=\"background-color:#00b0f0\"><thead><tr><th><\/th><th><\/th><th>Actividad<\/th><th>Descripci\u00f3n<\/th><\/tr><\/thead><tbody><tr><td>H2<\/td><td><\/td><td>KEEAS<sup>3<\/sup><\/td><td>Conocer el sistema de gesti\u00f3n e indicadores y metodolog\u00eda de mejora<\/td><\/tr><tr><td>H3<\/td><td><\/td><td>Control operacional<sup>4<\/sup><\/td><td>Gesti\u00f3n avanzada en activos y recursos<\/td><\/tr><\/tbody><\/table><figcaption class=\"wp-element-caption\"><sup>3<\/sup>Presentaciones para conocer el funcionamiento de la empresa<br><sup>4<\/sup>Mediante herramienta digital<\/figcaption><\/figure>\n\n\n<div class=\"gb-container gb-container-84e30b25\"><div class=\"gb-inside-container\">\n\n<p><\/p>\n\n\n\n<h3 class=\"gb-headline gb-headline-c83f4593 gb-headline-text\">Horario<\/h3>\n\n<\/div><\/div>\n\n\n<p>Por las ma\u00f1anas: de lunes a viernes 8:00 \u2013 12:00<br>Por las tardes: de lunes a viernes 13:00 \u2013 17:00<br>De ma\u00f1ana o tarde en funci\u00f3n de la organizaci\u00f3n de Goierri Eskola<\/p>\n\n<\/div><div class=\"gb-shapes\"><div class=\"gb-shape gb-shape-1\"><svg xmlns=\"http:\/\/www.w3.org\/2000\/svg\" viewBox=\"0 0 1200 194.3\" preserveAspectRatio=\"none\"><path d=\"M1200 133.3l-50 8.9c-50 8.6-150 26.9-250 31.1-100 4.2-200-4.2-300-26.7S400 89.2 300 62.2C200 35.8 100 17.5 50 8.9L0 0v194.3h1200v-61z\"\/><\/svg><\/div><\/div><\/div>\n\n<div class=\"gb-container gb-container-add70c78\"><div class=\"gb-inside-container\">\n\n<div class=\"wp-block-columns is-layout-flex wp-container-core-columns-is-layout-9d6595d7 wp-block-columns-is-layout-flex\">\n<div class=\"wp-block-column is-layout-flow wp-block-column-is-layout-flow\" style=\"flex-basis:50%\"><div class=\"gb-container gb-container-fdeafdd6 sombraCaja\"><div class=\"gb-inside-container\">\n\n<h5 class=\"gb-headline gb-headline-68743c65 gb-headline-text\"><em>FORMACI\u00d3N Y DIN\u00c1MICAS DE TRABAJO DEL FUTURO, EN VANGUARDIA<\/em><\/h5>\n\n<\/div><\/div>\n\n\n<figure class=\"wp-block-image size-full\"><img loading=\"lazy\" decoding=\"async\" width=\"966\" height=\"731\" src=\"https:\/\/www.ikaslan.com\/wp-content\/uploads\/2023\/01\/formacion.png\" alt=\"\" class=\"wp-image-1748\" srcset=\"https:\/\/www.ikaslanfundazioa.eus\/wp-content\/uploads\/2023\/01\/formacion.png 966w, https:\/\/www.ikaslanfundazioa.eus\/wp-content\/uploads\/2023\/01\/formacion-300x227.png 300w, https:\/\/www.ikaslanfundazioa.eus\/wp-content\/uploads\/2023\/01\/formacion-768x581.png 768w\" sizes=\"auto, (max-width: 966px) 100vw, 966px\" \/><\/figure>\n<\/div>\n\n\n\n<div class=\"wp-block-column is-layout-flow wp-block-column-is-layout-flow\" style=\"flex-basis:66%\"><div class=\"gb-container gb-container-6bca894f sombraCaja\"><div class=\"gb-inside-container\">\n\n<h2 class=\"gb-headline gb-headline-ade065f6 gb-headline-text\">Si te decides por nosotros<\/h2>\n\n\n\n<ul class=\"wp-block-list\">\n<li>Adquirir\u00e1s experiencia profesional mientras estudias<\/li>\n\n\n\n<li>Sumar\u00e1s 800-1100 horas a TU CURR\u00cdCULUM para cuando obtengas la titulaci\u00f3n<\/li>\n\n\n\n<li>Te adaptar\u00e1s m\u00e1s f\u00e1cilmente al mundo profesional<\/li>\n\n\n\n<li>Colaboraremos alumnos\/as y trabajadores\/as para complementar tu formaci\u00f3n<\/li>\n\n\n\n<li>Te ofrecemos un plan formativo personalizado y acorde al nivel de tu titulaci\u00f3n<\/li>\n<\/ul>\n\n<\/div><\/div><\/div>\n<\/div>\n\n\n<div class=\"gb-button-wrapper gb-button-wrapper-daefe4ed\">\n\n<a class=\"gb-button gb-button-6c6d8479\" href=\"https:\/\/www.ikaslanfundazioa.eus\/es\/auxiliar\"><span class=\"gb-button-text\">Para alumnado de&nbsp;<br><strong>FP Inicial<\/strong><\/span><span class=\"gb-icon\"><svg aria-hidden=\"true\" role=\"img\" height=\"1em\" width=\"1em\" viewBox=\"0 0 256 512\" xmlns=\"http:\/\/www.w3.org\/2000\/svg\"><path fill=\"currentColor\" d=\"M224.3 273l-136 136c-9.4 9.4-24.6 9.4-33.9 0l-22.6-22.6c-9.4-9.4-9.4-24.6 0-33.9l96.4-96.4-96.4-96.4c-9.4-9.4-9.4-24.6 0-33.9L54.3 103c9.4-9.4 24.6-9.4 33.9 0l136 136c9.5 9.4 9.5 24.6.1 34z\"><\/path><\/svg><\/span><\/a>\n\n\n\n<a class=\"gb-button gb-button-9e053c1c\" href=\"https:\/\/www.ikaslanfundazioa.eus\/es\/coordinador\/\"><span class=\"gb-button-text\">Para alumnado de <br><strong>FP de Grado Superior<\/strong><\/span><span class=\"gb-icon\"><svg aria-hidden=\"true\" role=\"img\" height=\"1em\" width=\"1em\" viewBox=\"0 0 256 512\" xmlns=\"http:\/\/www.w3.org\/2000\/svg\"><path fill=\"currentColor\" d=\"M224.3 273l-136 136c-9.4 9.4-24.6 9.4-33.9 0l-22.6-22.6c-9.4-9.4-9.4-24.6 0-33.9l96.4-96.4-96.4-96.4c-9.4-9.4-9.4-24.6 0-33.9L54.3 103c9.4-9.4 24.6-9.4 33.9 0l136 136c9.5 9.4 9.5 24.6.1 34z\"><\/path><\/svg><\/span><\/a>\n\n\n\n<a class=\"gb-button gb-button-0335edb6\" href=\"https:\/\/www.ikaslanfundazioa.eus\/es\/gestor\/\"><span class=\"gb-button-text\">Para alumnado de <br><strong><strong>FP DUAL INTENSIVO <\/strong>e <strong>Ingenier\u00eda en AET<\/strong><\/strong><\/span><span class=\"gb-icon\"><svg aria-hidden=\"true\" role=\"img\" height=\"1em\" width=\"1em\" viewBox=\"0 0 256 512\" xmlns=\"http:\/\/www.w3.org\/2000\/svg\"><path fill=\"currentColor\" d=\"M224.3 273l-136 136c-9.4 9.4-24.6 9.4-33.9 0l-22.6-22.6c-9.4-9.4-9.4-24.6 0-33.9l96.4-96.4-96.4-96.4c-9.4-9.4-9.4-24.6 0-33.9L54.3 103c9.4-9.4 24.6-9.4 33.9 0l136 136c9.5 9.4 9.5 24.6.1 34z\"><\/path><\/svg><\/span><\/a>\n\n<\/div>\n<\/div><\/div>\n\n<div class=\"gb-container gb-container-0099f707\"><div class=\"gb-inside-container\">\n<div class=\"gb-grid-wrapper gb-grid-wrapper-aa70e471\">\n<div class=\"gb-grid-column gb-grid-column-aa37d303\"><div class=\"gb-container gb-container-aa37d303\"><div class=\"gb-inside-container\">\n<div class=\"gb-button-wrapper gb-button-wrapper-1d53eb3d\">\n\n<span class=\"gb-button gb-button-1e31090b gb-button-text\">Entornos de aprendizaje<\/span>\n\n<\/div>\n\n\n<h2 class=\"gb-headline gb-headline-735c866d gb-headline-text\">Ikasgunes<\/h2>\n\n\n\n<p>Organizamos Ikaslan Fundazioa en unidades de conocimiento y productivo que denominamos IKASGUNE (entorno de aprendizaje), \u00e9stos tienen por objeto ofrecer el mejor servicio tanto al alumnado como a las empresas y son unidades de negocio asociados a procesos productivos y de gesti\u00f3n que monitorizamos con indicadores de productividad, calidad, medioambiente y satisfacci\u00f3n.&nbsp;<\/p>\n\n<\/div><\/div><\/div>\n\n<div class=\"gb-grid-column gb-grid-column-f0a5b5ba\"><div class=\"gb-container gb-container-f0a5b5ba sombraCaja\"><a class=\"gb-container-link\" href=\"https:\/\/www.ikaslanfundazioa.eus\/es\/ikasgune-corte\/\"><\/a><div class=\"gb-inside-container\">\n<div class=\"wp-block-image\">\n<figure class=\"aligncenter size-large\"><img loading=\"lazy\" decoding=\"async\" width=\"1024\" height=\"681\" src=\"https:\/\/www.ikaslan.com\/wp-content\/uploads\/2022\/12\/ikaslan_baja_078_Meetmeinthenorth2022-1024x681.jpg\" alt=\"\" class=\"wp-image-942\" srcset=\"https:\/\/www.ikaslanfundazioa.eus\/wp-content\/uploads\/2022\/12\/ikaslan_baja_078_Meetmeinthenorth2022-1024x681.jpg 1024w, https:\/\/www.ikaslanfundazioa.eus\/wp-content\/uploads\/2022\/12\/ikaslan_baja_078_Meetmeinthenorth2022-300x200.jpg 300w, https:\/\/www.ikaslanfundazioa.eus\/wp-content\/uploads\/2022\/12\/ikaslan_baja_078_Meetmeinthenorth2022-768x511.jpg 768w, https:\/\/www.ikaslanfundazioa.eus\/wp-content\/uploads\/2022\/12\/ikaslan_baja_078_Meetmeinthenorth2022-1536x1022.jpg 1536w, https:\/\/www.ikaslanfundazioa.eus\/wp-content\/uploads\/2022\/12\/ikaslan_baja_078_Meetmeinthenorth2022.jpg 1920w\" sizes=\"auto, (max-width: 1024px) 100vw, 1024px\" \/><\/figure>\n<\/div>\n\n\n<h5 class=\"gb-headline gb-headline-2b0ec20c gb-headline-text\"><strong><strong><strong><strong><strong><strong><strong>Ikasgune <\/strong><\/strong><\/strong><\/strong><\/strong><\/strong><\/strong><br><strong><strong><strong><strong><strong><strong><strong>CORTE<\/strong><\/strong><\/strong><\/strong><\/strong><\/strong><\/strong><\/h5>\n\n\n<div class=\"gb-container gb-container-9b76cd5e\"><div class=\"gb-inside-container\">\n\n<p class=\"has-text-align-center\">Entorno de dise\u00f1o, programaci\u00f3n y corte l\u00e1ser de materiales met\u00e1licos<\/p>\n\n<\/div><\/div>\n<\/div><\/div><\/div>\n\n<div class=\"gb-grid-column gb-grid-column-8f895c66\"><div class=\"gb-container gb-container-8f895c66\"><a class=\"gb-container-link\" href=\"https:\/\/www.ikaslanfundazioa.eus\/es\/ikasgune-conformado-y-mecanizado\/\"><\/a><div class=\"gb-inside-container\">\n<div class=\"wp-block-image\">\n<figure class=\"aligncenter size-large\"><img loading=\"lazy\" decoding=\"async\" width=\"1024\" height=\"681\" src=\"https:\/\/www.ikaslan.com\/wp-content\/uploads\/2022\/12\/ikaslan_baja_052_Meetmeinthenorth2022-1024x681.jpg\" alt=\"\" class=\"wp-image-890\" srcset=\"https:\/\/www.ikaslanfundazioa.eus\/wp-content\/uploads\/2022\/12\/ikaslan_baja_052_Meetmeinthenorth2022-1024x681.jpg 1024w, https:\/\/www.ikaslanfundazioa.eus\/wp-content\/uploads\/2022\/12\/ikaslan_baja_052_Meetmeinthenorth2022-300x200.jpg 300w, https:\/\/www.ikaslanfundazioa.eus\/wp-content\/uploads\/2022\/12\/ikaslan_baja_052_Meetmeinthenorth2022-768x511.jpg 768w, https:\/\/www.ikaslanfundazioa.eus\/wp-content\/uploads\/2022\/12\/ikaslan_baja_052_Meetmeinthenorth2022-1536x1022.jpg 1536w, https:\/\/www.ikaslanfundazioa.eus\/wp-content\/uploads\/2022\/12\/ikaslan_baja_052_Meetmeinthenorth2022.jpg 1920w\" sizes=\"auto, (max-width: 1024px) 100vw, 1024px\" \/><\/figure>\n<\/div>\n\n\n<h5 class=\"gb-headline gb-headline-21617019 gb-headline-text\"><strong><strong><strong><strong><strong>Ikasgune <\/strong><\/strong><\/strong><\/strong><\/strong><br><strong><strong><strong><strong><strong>CONFORMADO Y MECANIZADO<\/strong><\/strong><\/strong><\/strong><\/strong><\/h5>\n\n\n<div class=\"gb-container gb-container-8a00199b sombraCaja\"><div class=\"gb-inside-container\">\n\n<p class=\"has-text-align-center\">Entorno de conformado de chapa y fabricaci\u00f3n de piezas por arranque de viruta<\/p>\n\n<\/div><\/div>\n<\/div><\/div><\/div>\n\n<div class=\"gb-grid-column gb-grid-column-eb87e7b3\"><div class=\"gb-container gb-container-eb87e7b3 sombraCaja\"><a class=\"gb-container-link\" href=\"https:\/\/www.ikaslanfundazioa.eus\/es\/ikasgune-soldadura\/\"><\/a><div class=\"gb-inside-container\">\n<div class=\"wp-block-image\">\n<figure class=\"aligncenter size-large\"><img loading=\"lazy\" decoding=\"async\" width=\"1024\" height=\"681\" src=\"https:\/\/www.ikaslan.com\/wp-content\/uploads\/2022\/12\/ikaslan_baja_220_Meetmeinthenorth2022-1024x681.jpg\" alt=\"\" class=\"wp-image-1226\" srcset=\"https:\/\/www.ikaslanfundazioa.eus\/wp-content\/uploads\/2022\/12\/ikaslan_baja_220_Meetmeinthenorth2022-1024x681.jpg 1024w, https:\/\/www.ikaslanfundazioa.eus\/wp-content\/uploads\/2022\/12\/ikaslan_baja_220_Meetmeinthenorth2022-300x200.jpg 300w, https:\/\/www.ikaslanfundazioa.eus\/wp-content\/uploads\/2022\/12\/ikaslan_baja_220_Meetmeinthenorth2022-768x511.jpg 768w, https:\/\/www.ikaslanfundazioa.eus\/wp-content\/uploads\/2022\/12\/ikaslan_baja_220_Meetmeinthenorth2022-1536x1022.jpg 1536w, https:\/\/www.ikaslanfundazioa.eus\/wp-content\/uploads\/2022\/12\/ikaslan_baja_220_Meetmeinthenorth2022.jpg 1920w\" sizes=\"auto, (max-width: 1024px) 100vw, 1024px\" \/><\/figure>\n<\/div>\n\n\n<h5 class=\"gb-headline gb-headline-6ddcfee8 gb-headline-text\"><strong><strong><strong><strong>Ikasgune <\/strong><\/strong><\/strong><\/strong><br><strong><strong><strong><strong>SOLDADURA<\/strong><\/strong><\/strong><\/strong><\/h5>\n\n\n<div class=\"gb-container gb-container-f3ea1273\"><div class=\"gb-inside-container\">\n\n<p class=\"has-text-align-center\">Entorno de montaje de estructuras soldadas bajo plano y siguiendo requisitos de calidad<\/p>\n\n<\/div><\/div>\n<\/div><\/div><\/div>\n\n<div class=\"gb-grid-column gb-grid-column-a52dc4cf\"><div class=\"gb-container gb-container-a52dc4cf sombraCaja\"><a class=\"gb-container-link\" href=\"https:\/\/www.ikaslanfundazioa.eus\/es\/ikasgune-montajes-electromecanicos\/\"><\/a><div class=\"gb-inside-container\">\n<div class=\"wp-block-image\">\n<figure class=\"aligncenter size-large\"><img loading=\"lazy\" decoding=\"async\" width=\"1024\" height=\"681\" src=\"https:\/\/www.ikaslan.com\/wp-content\/uploads\/2022\/12\/ikaslan_baja_102_Meetmeinthenorth2022-1024x681.jpg\" alt=\"\" class=\"wp-image-990\" srcset=\"https:\/\/www.ikaslanfundazioa.eus\/wp-content\/uploads\/2022\/12\/ikaslan_baja_102_Meetmeinthenorth2022-1024x681.jpg 1024w, https:\/\/www.ikaslanfundazioa.eus\/wp-content\/uploads\/2022\/12\/ikaslan_baja_102_Meetmeinthenorth2022-300x200.jpg 300w, https:\/\/www.ikaslanfundazioa.eus\/wp-content\/uploads\/2022\/12\/ikaslan_baja_102_Meetmeinthenorth2022-768x511.jpg 768w, https:\/\/www.ikaslanfundazioa.eus\/wp-content\/uploads\/2022\/12\/ikaslan_baja_102_Meetmeinthenorth2022-1536x1022.jpg 1536w, https:\/\/www.ikaslanfundazioa.eus\/wp-content\/uploads\/2022\/12\/ikaslan_baja_102_Meetmeinthenorth2022.jpg 1920w\" sizes=\"auto, (max-width: 1024px) 100vw, 1024px\" \/><\/figure>\n<\/div>\n\n\n<h5 class=\"gb-headline gb-headline-9c78e6f5 gb-headline-text\"><strong><strong><strong>Ikasgune <\/strong><\/strong><\/strong><br><strong><strong><strong>MONTAJES ELECTROMEC\u00c1NICOS<\/strong><\/strong><\/strong><\/h5>\n\n\n<div class=\"gb-container gb-container-6d45d778\"><div class=\"gb-inside-container\">\n\n<p class=\"has-text-align-center\">Entorno de montaje tanto de conjuntos mec\u00e1nicos como de cuadros y elementos el\u00e9ctricos<\/p>\n\n<\/div><\/div>\n<\/div><\/div><\/div>\n\n<div class=\"gb-grid-column gb-grid-column-09ee5391\"><div class=\"gb-container gb-container-09ee5391 sombraCaja\"><a class=\"gb-container-link\" href=\"https:\/\/www.ikaslanfundazioa.eus\/es\/ikasgune-logistica\/\"><\/a><div class=\"gb-inside-container\">\n<div class=\"wp-block-image\">\n<figure class=\"aligncenter size-large\"><img loading=\"lazy\" decoding=\"async\" width=\"1024\" height=\"681\" src=\"https:\/\/www.ikaslan.com\/wp-content\/uploads\/2022\/12\/ikaslan_baja_004_Meetmeinthenorth2022-1024x681.jpg\" alt=\"\" class=\"wp-image-794\" srcset=\"https:\/\/www.ikaslanfundazioa.eus\/wp-content\/uploads\/2022\/12\/ikaslan_baja_004_Meetmeinthenorth2022-1024x681.jpg 1024w, https:\/\/www.ikaslanfundazioa.eus\/wp-content\/uploads\/2022\/12\/ikaslan_baja_004_Meetmeinthenorth2022-300x200.jpg 300w, https:\/\/www.ikaslanfundazioa.eus\/wp-content\/uploads\/2022\/12\/ikaslan_baja_004_Meetmeinthenorth2022-768x511.jpg 768w, https:\/\/www.ikaslanfundazioa.eus\/wp-content\/uploads\/2022\/12\/ikaslan_baja_004_Meetmeinthenorth2022-1536x1022.jpg 1536w, https:\/\/www.ikaslanfundazioa.eus\/wp-content\/uploads\/2022\/12\/ikaslan_baja_004_Meetmeinthenorth2022.jpg 1920w\" sizes=\"auto, (max-width: 1024px) 100vw, 1024px\" \/><\/figure>\n<\/div>\n\n\n<h5 class=\"gb-headline gb-headline-188d5302 gb-headline-text\"><strong><strong>Ikasgune <\/strong><\/strong><br><strong><strong>LOG\u00cdSTICA<\/strong><\/strong><\/h5>\n\n\n<div class=\"gb-container gb-container-3783412c\"><div class=\"gb-inside-container\">\n\n<p class=\"has-text-align-center\">Entorno de gesti\u00f3n de almac\u00e9n con seguimiento y preparado de pedidos<\/p>\n\n<\/div><\/div>\n<\/div><\/div><\/div>\n\n<div class=\"gb-grid-column gb-grid-column-0bd3659e\"><div class=\"gb-container gb-container-0bd3659e sombraCaja\"><a class=\"gb-container-link\" href=\"https:\/\/www.ikaslanfundazioa.eus\/es\/ikasgune-servicios\/\"><\/a><div class=\"gb-inside-container\">\n<div class=\"wp-block-image\">\n<figure class=\"aligncenter size-large\"><img loading=\"lazy\" decoding=\"async\" width=\"1024\" height=\"681\" src=\"https:\/\/www.ikaslan.com\/wp-content\/uploads\/2022\/12\/ikaslan_baja_118_Meetmeinthenorth2022-1024x681.jpg\" alt=\"\" class=\"wp-image-1022\" srcset=\"https:\/\/www.ikaslanfundazioa.eus\/wp-content\/uploads\/2022\/12\/ikaslan_baja_118_Meetmeinthenorth2022-1024x681.jpg 1024w, https:\/\/www.ikaslanfundazioa.eus\/wp-content\/uploads\/2022\/12\/ikaslan_baja_118_Meetmeinthenorth2022-300x200.jpg 300w, https:\/\/www.ikaslanfundazioa.eus\/wp-content\/uploads\/2022\/12\/ikaslan_baja_118_Meetmeinthenorth2022-768x511.jpg 768w, https:\/\/www.ikaslanfundazioa.eus\/wp-content\/uploads\/2022\/12\/ikaslan_baja_118_Meetmeinthenorth2022-1536x1022.jpg 1536w, https:\/\/www.ikaslanfundazioa.eus\/wp-content\/uploads\/2022\/12\/ikaslan_baja_118_Meetmeinthenorth2022.jpg 1920w\" sizes=\"auto, (max-width: 1024px) 100vw, 1024px\" \/><\/figure>\n<\/div>\n\n\n<h5 class=\"gb-headline gb-headline-5ea47e74 gb-headline-text\"><strong><strong>Ikasgune <\/strong><\/strong><br><strong><strong>SERVICIOS<\/strong><\/strong><\/h5>\n\n\n\n<p class=\"has-text-align-center\">Entorno de servicios indirectos internos: <\/p>\n\n\n\n<ul class=\"wp-block-list\">\n<li>Administraci\u00f3n y gesti\u00f3n<\/li>\n\n\n\n<li>Calidad<\/li>\n\n\n\n<li>Mantenimiento<\/li>\n<\/ul>\n\n<\/div><\/div><\/div>\n<\/div>\n<\/div><div class=\"gb-shapes\"><div class=\"gb-shape gb-shape-1\"><svg xmlns=\"http:\/\/www.w3.org\/2000\/svg\" viewBox=\"0 0 1200 194.3\" preserveAspectRatio=\"none\"><path d=\"M1200 133.3l-50 8.9c-50 8.6-150 26.9-250 31.1-100 4.2-200-4.2-300-26.7S400 89.2 300 62.2C200 35.8 100 17.5 50 8.9L0 0v194.3h1200v-61z\"\/><\/svg><\/div><\/div><\/div>","protected":false},"excerpt":{"rendered":"<p>Para alumnado de FP de Grado Medio Perfil profesional T\u00e9cnico\/a Competencia general El alumno\/a desarrollar\u00e1 su perfil mediante la realizaci\u00f3nde trabajos operacionales. Interiorizar\u00e1 tareas tales como orden y limpieza, seguridad, calidad y mantenimiento.Asegurar\u00e1 el correcto funcionamiento de la organizaci\u00f3n Duraci\u00f3n Desde junio\/julio de 1er curso a junio de 2\u00ba curso Condiciones de acceso PROGRAMA T\u00e9cnico\/a &#8230; <a title=\"T\u00e9cnico\" class=\"read-more\" href=\"https:\/\/www.ikaslanfundazioa.eus\/es\/tecnico\/\" aria-label=\"M\u00e1s en T\u00e9cnico\">Leer m\u00e1s<\/a><\/p>\n","protected":false},"author":1,"featured_media":0,"parent":0,"menu_order":0,"comment_status":"closed","ping_status":"closed","template":"","meta":{"footnotes":""},"class_list":["post-1710","page","type-page","status-publish"],"_links":{"self":[{"href":"https:\/\/www.ikaslanfundazioa.eus\/es\/wp-json\/wp\/v2\/pages\/1710","targetHints":{"allow":["GET"]}}],"collection":[{"href":"https:\/\/www.ikaslanfundazioa.eus\/es\/wp-json\/wp\/v2\/pages"}],"about":[{"href":"https:\/\/www.ikaslanfundazioa.eus\/es\/wp-json\/wp\/v2\/types\/page"}],"author":[{"embeddable":true,"href":"https:\/\/www.ikaslanfundazioa.eus\/es\/wp-json\/wp\/v2\/users\/1"}],"replies":[{"embeddable":true,"href":"https:\/\/www.ikaslanfundazioa.eus\/es\/wp-json\/wp\/v2\/comments?post=1710"}],"version-history":[{"count":27,"href":"https:\/\/www.ikaslanfundazioa.eus\/es\/wp-json\/wp\/v2\/pages\/1710\/revisions"}],"predecessor-version":[{"id":4031,"href":"https:\/\/www.ikaslanfundazioa.eus\/es\/wp-json\/wp\/v2\/pages\/1710\/revisions\/4031"}],"wp:attachment":[{"href":"https:\/\/www.ikaslanfundazioa.eus\/es\/wp-json\/wp\/v2\/media?parent=1710"}],"curies":[{"name":"wp","href":"https:\/\/api.w.org\/{rel}","templated":true}]}}