{"id":19,"date":"2022-11-09T20:47:53","date_gmt":"2022-11-09T20:47:53","guid":{"rendered":"https:\/\/www.ikaslan.com\/?page_id=19"},"modified":"2026-03-07T14:41:59","modified_gmt":"2026-03-07T13:41:59","slug":"a-empresas","status":"publish","type":"page","link":"https:\/\/www.ikaslanfundazioa.eus\/es\/a-empresas\/","title":{"rendered":"A empresas"},"content":{"rendered":"<div class=\"gb-container gb-container-cde4f1ab\"><div class=\"gb-inside-container\">\n\n<div class=\"wp-block-columns is-layout-flex wp-container-core-columns-is-layout-9d6595d7 wp-block-columns-is-layout-flex\">\n<div class=\"wp-block-column is-layout-flow wp-block-column-is-layout-flow\" style=\"flex-basis:66%\"><div class=\"gb-container gb-container-b184bd7e sombraCaja\"><div class=\"gb-inside-container\">\n\n<h2 class=\"gb-headline gb-headline-1ffff900 gb-headline-text\"><strong>Ofrecemos a las empresas<\/strong><\/h2>\n\n\n\n<p><strong>Somos una inversi\u00f3n<\/strong> para su empresa, si trabaja con nosotros, adem\u00e1s de obtener un producto-servicio en condiciones establecidas (calidad, precio y plazo), <strong>colaborar\u00e1 en la formaci\u00f3n <\/strong>de las personas que ser\u00e1n SUS&nbsp;<strong>TRABAJADORES\/AS DEL FUTURO<\/strong>.<\/p>\n\n\n\n<p><strong>Ikaslan Fundazioa&nbsp;<\/strong>es una entidad sin \u00e1nimo de lucro. Adem\u00e1s de obtener un producto-servicio que cumpla sus expectativas, su empresa <strong>invierte en sociedad<\/strong>, ayudando a los\/as j\u00f3venes a formarse, ofreci\u00e9ndoles su primera experiencia laboral.&nbsp;<\/p>\n\n\n\n<p>Ikaslan Fundazioa somos una <strong>escuela-empresa <\/strong>y queremos darles la mejor respuesta en producto, plazo y calidad, adapt\u00e1ndonos a sus necesidades.&nbsp;<\/p>\n\n<\/div><\/div><\/div>\n\n\n\n<div class=\"wp-block-column is-layout-flow wp-block-column-is-layout-flow\" style=\"flex-basis:33%\">\n<h3 class=\"gb-headline gb-headline-e799735e gb-headline-text sombraCaja\">\u00abFabricaci\u00f3n de producto bajo plano en condiciones y requisitos establecidos con el cliente\u00bb<\/h3>\n<\/div>\n<\/div>\n\n<\/div><div class=\"gb-shapes\"><div class=\"gb-shape gb-shape-1\"><svg xmlns=\"http:\/\/www.w3.org\/2000\/svg\" viewBox=\"0 0 1200 194.3\" preserveAspectRatio=\"none\"><path d=\"M1200 133.3l-50 8.9c-50 8.6-150 26.9-250 31.1-100 4.2-200-4.2-300-26.7S400 89.2 300 62.2C200 35.8 100 17.5 50 8.9L0 0v194.3h1200v-61z\"\/><\/svg><\/div><div class=\"gb-shape gb-shape-2\"><svg xmlns=\"http:\/\/www.w3.org\/2000\/svg\" viewBox=\"0 0 1200 194.3\" preserveAspectRatio=\"none\"><path d=\"M1200 133.3l-50 8.9c-50 8.6-150 26.9-250 31.1-100 4.2-200-4.2-300-26.7S400 89.2 300 62.2C200 35.8 100 17.5 50 8.9L0 0v194.3h1200v-61z\"\/><\/svg><\/div><\/div><\/div>\n\n<div class=\"gb-container gb-container-2f51b624\"><div class=\"gb-inside-container\">\n\n<div class=\"wp-block-columns is-layout-flex wp-container-core-columns-is-layout-9d6595d7 wp-block-columns-is-layout-flex\">\n<div class=\"wp-block-column is-layout-flow wp-block-column-is-layout-flow\" style=\"flex-basis:100%\"><div class=\"gb-grid-wrapper gb-grid-wrapper-de165aba\">\n<div class=\"gb-grid-column gb-grid-column-91925333\"><div class=\"gb-container gb-container-91925333 sombraCaja\"><a class=\"gb-container-link\" href=\"https:\/\/www.ikaslanfundazioa.eus\/es\/corte-laser\/\"><\/a><div class=\"gb-inside-container\">\n<div class=\"wp-block-image\">\n<figure class=\"aligncenter size-large\"><img loading=\"lazy\" decoding=\"async\" width=\"1024\" height=\"681\" src=\"https:\/\/www.ikaslan.com\/wp-content\/uploads\/2022\/12\/ikaslan_baja_074_Meetmeinthenorth2022-1024x681.jpg\" alt=\"\" class=\"wp-image-934\" srcset=\"https:\/\/www.ikaslanfundazioa.eus\/wp-content\/uploads\/2022\/12\/ikaslan_baja_074_Meetmeinthenorth2022-1024x681.jpg 1024w, https:\/\/www.ikaslanfundazioa.eus\/wp-content\/uploads\/2022\/12\/ikaslan_baja_074_Meetmeinthenorth2022-300x200.jpg 300w, https:\/\/www.ikaslanfundazioa.eus\/wp-content\/uploads\/2022\/12\/ikaslan_baja_074_Meetmeinthenorth2022-768x511.jpg 768w, https:\/\/www.ikaslanfundazioa.eus\/wp-content\/uploads\/2022\/12\/ikaslan_baja_074_Meetmeinthenorth2022-1536x1022.jpg 1536w, https:\/\/www.ikaslanfundazioa.eus\/wp-content\/uploads\/2022\/12\/ikaslan_baja_074_Meetmeinthenorth2022.jpg 1920w\" sizes=\"auto, (max-width: 1024px) 100vw, 1024px\" \/><\/figure>\n<\/div>\n\n\n<h5 class=\"gb-headline gb-headline-f7565cea gb-headline-text\"><strong>Corte l\u00e1ser <\/strong><\/h5>\n\n\n<div class=\"gb-container gb-container-11987227\"><div class=\"gb-inside-container\">\n\n<p class=\"has-text-align-center\">Corte de chapa con precisi\u00f3n y flexibilidad l\u00e1ser. Alta productividad y velocidades parciales m\u00ednimas. Aceros, INOX y aluminio hasta 20mm<\/p>\n\n<\/div><\/div>\n<\/div><\/div><\/div>\n\n<div class=\"gb-grid-column gb-grid-column-d9c87d5f\"><div class=\"gb-container gb-container-d9c87d5f sombraCaja\"><a class=\"gb-container-link\" href=\"https:\/\/www.ikaslanfundazioa.eus\/es\/caldereria-fina\/\"><\/a><div class=\"gb-inside-container\">\n<div class=\"wp-block-image\">\n<figure class=\"aligncenter size-large\"><img loading=\"lazy\" decoding=\"async\" width=\"1024\" height=\"681\" src=\"https:\/\/www.ikaslan.com\/wp-content\/uploads\/2022\/12\/ikaslan_baja_231_Meetmeinthenorth2022-1024x681.jpg\" alt=\"\" class=\"wp-image-1248\" srcset=\"https:\/\/www.ikaslanfundazioa.eus\/wp-content\/uploads\/2022\/12\/ikaslan_baja_231_Meetmeinthenorth2022-1024x681.jpg 1024w, https:\/\/www.ikaslanfundazioa.eus\/wp-content\/uploads\/2022\/12\/ikaslan_baja_231_Meetmeinthenorth2022-300x200.jpg 300w, https:\/\/www.ikaslanfundazioa.eus\/wp-content\/uploads\/2022\/12\/ikaslan_baja_231_Meetmeinthenorth2022-768x511.jpg 768w, https:\/\/www.ikaslanfundazioa.eus\/wp-content\/uploads\/2022\/12\/ikaslan_baja_231_Meetmeinthenorth2022-1536x1022.jpg 1536w, https:\/\/www.ikaslanfundazioa.eus\/wp-content\/uploads\/2022\/12\/ikaslan_baja_231_Meetmeinthenorth2022.jpg 1920w\" sizes=\"auto, (max-width: 1024px) 100vw, 1024px\" \/><\/figure>\n<\/div>\n\n\n<h5 class=\"gb-headline gb-headline-acf7beda gb-headline-text\"><strong>Calderer\u00eda fina<\/strong><\/h5>\n\n\n<div class=\"gb-container gb-container-bbe893a1\"><div class=\"gb-inside-container\">\n\n<p class=\"has-text-align-center\">Fabricaci\u00f3n bajo plano de todo tipo de piezas y elementos de calderer\u00eda mecanizada tanto en aceros, INOX y aluminio<\/p>\n\n<\/div><\/div>\n<\/div><\/div><\/div>\n\n<div class=\"gb-grid-column gb-grid-column-6341997e\"><div class=\"gb-container gb-container-6341997e\"><div class=\"gb-inside-container\">\n<div class=\"gb-button-wrapper gb-button-wrapper-cdf99479\">\n\n<span class=\"gb-button gb-button-72d17f57 gb-button-text\">Soluciones EFICACES<\/span>\n\n<\/div>\n\n\n<h2 class=\"gb-headline gb-headline-5514c55e gb-headline-text\">Nuestras actividades industriales<\/h2>\n\n\n\n<p>Les proveeremos de los mejores recursos humanos y tecnol\u00f3gicos para responder a sus necesidades.<\/p>\n\n<\/div><\/div><\/div>\n\n<div class=\"gb-grid-column gb-grid-column-b2e1b787\"><div class=\"gb-container gb-container-b2e1b787 sombraCaja\"><a class=\"gb-container-link\" href=\"https:\/\/www.ikaslanfundazioa.eus\/es\/montajes-de-estructuras-metal-mecanicas\/\"><\/a><div class=\"gb-inside-container\">\n<div class=\"wp-block-image\">\n<figure class=\"aligncenter size-large\"><img loading=\"lazy\" decoding=\"async\" width=\"1024\" height=\"681\" src=\"https:\/\/www.ikaslan.com\/wp-content\/uploads\/2022\/12\/ikaslan_baja_065_Meetmeinthenorth2022-1024x681.jpg\" alt=\"\" class=\"wp-image-916\" srcset=\"https:\/\/www.ikaslanfundazioa.eus\/wp-content\/uploads\/2022\/12\/ikaslan_baja_065_Meetmeinthenorth2022-1024x681.jpg 1024w, https:\/\/www.ikaslanfundazioa.eus\/wp-content\/uploads\/2022\/12\/ikaslan_baja_065_Meetmeinthenorth2022-300x200.jpg 300w, https:\/\/www.ikaslanfundazioa.eus\/wp-content\/uploads\/2022\/12\/ikaslan_baja_065_Meetmeinthenorth2022-768x511.jpg 768w, https:\/\/www.ikaslanfundazioa.eus\/wp-content\/uploads\/2022\/12\/ikaslan_baja_065_Meetmeinthenorth2022-1536x1022.jpg 1536w, https:\/\/www.ikaslanfundazioa.eus\/wp-content\/uploads\/2022\/12\/ikaslan_baja_065_Meetmeinthenorth2022.jpg 1920w\" sizes=\"auto, (max-width: 1024px) 100vw, 1024px\" \/><\/figure>\n<\/div>\n\n\n<h5 class=\"gb-headline gb-headline-0a20095b gb-headline-text\"><strong><strong>Montaje de estructuras<\/strong><\/strong><strong><strong> <\/strong>metal-mec\u00e1nicas<\/strong><\/h5>\n\n\n<div class=\"gb-container gb-container-22cfcd29\"><div class=\"gb-inside-container\">\n\n<p class=\"has-text-align-center\">Ensamblado de conjuntos y\/o subconjuntos de elementos montados previamente fabricados en nuestras dependencias<\/p>\n\n<\/div><\/div>\n<\/div><\/div><\/div>\n\n<div class=\"gb-grid-column gb-grid-column-a800234a\"><div class=\"gb-container gb-container-a800234a sombraCaja\"><a class=\"gb-container-link\" href=\"https:\/\/www.ikaslanfundazioa.eus\/es\/soldadura\/\"><\/a><div class=\"gb-inside-container\">\n<div class=\"wp-block-image\">\n<figure class=\"aligncenter size-large\"><img loading=\"lazy\" decoding=\"async\" width=\"1024\" height=\"681\" src=\"https:\/\/www.ikaslan.com\/wp-content\/uploads\/2022\/12\/ikaslan_baja_215_Meetmeinthenorth2022-1024x681.jpg\" alt=\"\" class=\"wp-image-1216\" srcset=\"https:\/\/www.ikaslanfundazioa.eus\/wp-content\/uploads\/2022\/12\/ikaslan_baja_215_Meetmeinthenorth2022-1024x681.jpg 1024w, https:\/\/www.ikaslanfundazioa.eus\/wp-content\/uploads\/2022\/12\/ikaslan_baja_215_Meetmeinthenorth2022-300x200.jpg 300w, https:\/\/www.ikaslanfundazioa.eus\/wp-content\/uploads\/2022\/12\/ikaslan_baja_215_Meetmeinthenorth2022-768x511.jpg 768w, https:\/\/www.ikaslanfundazioa.eus\/wp-content\/uploads\/2022\/12\/ikaslan_baja_215_Meetmeinthenorth2022-1536x1022.jpg 1536w, https:\/\/www.ikaslanfundazioa.eus\/wp-content\/uploads\/2022\/12\/ikaslan_baja_215_Meetmeinthenorth2022.jpg 1920w\" sizes=\"auto, (max-width: 1024px) 100vw, 1024px\" \/><\/figure>\n<\/div>\n\n\n<h5 class=\"gb-headline gb-headline-0d0b91d6 gb-headline-text\"><strong><strong><strong>Soldadura<\/strong><\/strong><\/strong><\/h5>\n\n\n<div class=\"gb-container gb-container-0924376a\"><div class=\"gb-inside-container\">\n\n<p class=\"has-text-align-center\">Uni\u00f3n y montaje de piecerio mediante soldadura MIG\/MAG y por resistencia. Certificaci\u00f3n en norma ISO 3834 <\/p>\n\n<\/div><\/div>\n<\/div><\/div><\/div>\n\n<div class=\"gb-grid-column gb-grid-column-c20389a7\"><div class=\"gb-container gb-container-c20389a7 sombraCaja\"><a class=\"gb-container-link\" href=\"https:\/\/www.ikaslanfundazioa.eus\/es\/cableado-y-montaje-de-cuadros-electricos\/\"><\/a><div class=\"gb-inside-container\">\n<div class=\"wp-block-image\">\n<figure class=\"aligncenter size-large\"><img loading=\"lazy\" decoding=\"async\" width=\"1024\" height=\"681\" src=\"https:\/\/www.ikaslan.com\/wp-content\/uploads\/2022\/12\/ikaslan_baja_082_Meetmeinthenorth2022-1024x681.jpg\" alt=\"\" class=\"wp-image-950\" srcset=\"https:\/\/www.ikaslanfundazioa.eus\/wp-content\/uploads\/2022\/12\/ikaslan_baja_082_Meetmeinthenorth2022-1024x681.jpg 1024w, https:\/\/www.ikaslanfundazioa.eus\/wp-content\/uploads\/2022\/12\/ikaslan_baja_082_Meetmeinthenorth2022-300x200.jpg 300w, https:\/\/www.ikaslanfundazioa.eus\/wp-content\/uploads\/2022\/12\/ikaslan_baja_082_Meetmeinthenorth2022-768x511.jpg 768w, https:\/\/www.ikaslanfundazioa.eus\/wp-content\/uploads\/2022\/12\/ikaslan_baja_082_Meetmeinthenorth2022-1536x1022.jpg 1536w, https:\/\/www.ikaslanfundazioa.eus\/wp-content\/uploads\/2022\/12\/ikaslan_baja_082_Meetmeinthenorth2022.jpg 1920w\" sizes=\"auto, (max-width: 1024px) 100vw, 1024px\" \/><\/figure>\n<\/div>\n\n\n<h5 class=\"gb-headline gb-headline-70b15727 gb-headline-text\"><strong><strong><strong><strong>Cableado y montaje de cuadros el\u00e9ctricos&nbsp;<\/strong><\/strong><\/strong><\/strong><\/h5>\n\n\n<div class=\"gb-container gb-container-4c7c727f\"><div class=\"gb-inside-container\">\n\n<p class=\"has-text-align-center\">Puestos de montaje para instalaciones el\u00e9ctricas bajo plano y requisitos de cliente<\/p>\n\n<\/div><\/div>\n<\/div><\/div><\/div>\n\n<div class=\"gb-grid-column gb-grid-column-835925f1\"><div class=\"gb-container gb-container-835925f1 sombraCaja\"><a class=\"gb-container-link\" href=\"https:\/\/www.ikaslanfundazioa.eus\/es\/mecanizado-por-arranque-de-viruta\/\"><\/a><div class=\"gb-inside-container\">\n<div class=\"wp-block-image\">\n<figure class=\"aligncenter size-large\"><img loading=\"lazy\" decoding=\"async\" width=\"1024\" height=\"681\" src=\"https:\/\/www.ikaslan.com\/wp-content\/uploads\/2022\/12\/ikaslan_baja_119_Meetmeinthenorth2022-1024x681.jpg\" alt=\"\" class=\"wp-image-1024\" srcset=\"https:\/\/www.ikaslanfundazioa.eus\/wp-content\/uploads\/2022\/12\/ikaslan_baja_119_Meetmeinthenorth2022-1024x681.jpg 1024w, https:\/\/www.ikaslanfundazioa.eus\/wp-content\/uploads\/2022\/12\/ikaslan_baja_119_Meetmeinthenorth2022-300x200.jpg 300w, https:\/\/www.ikaslanfundazioa.eus\/wp-content\/uploads\/2022\/12\/ikaslan_baja_119_Meetmeinthenorth2022-768x511.jpg 768w, https:\/\/www.ikaslanfundazioa.eus\/wp-content\/uploads\/2022\/12\/ikaslan_baja_119_Meetmeinthenorth2022-1536x1022.jpg 1536w, https:\/\/www.ikaslanfundazioa.eus\/wp-content\/uploads\/2022\/12\/ikaslan_baja_119_Meetmeinthenorth2022.jpg 1920w\" sizes=\"auto, (max-width: 1024px) 100vw, 1024px\" \/><\/figure>\n<\/div>\n\n\n<h5 class=\"gb-headline gb-headline-8de0e3bc gb-headline-text\"><strong><strong><strong><strong>Mecanizado por arranque de viruta<\/strong><\/strong><\/strong><\/strong><\/h5>\n\n\n<div class=\"gb-container gb-container-b039e14e\"><div class=\"gb-inside-container\">\n\n<p class=\"has-text-align-center\">Centros de mecanizado CNC de precisi\u00f3n con mesa de 1200&#215;500 mm. Tornos CNC con di\u00e1metro m\u00e1ximo de 400 mm y 640 mm de recorrido Z<\/p>\n\n<\/div><\/div>\n<\/div><\/div><\/div>\n<\/div><\/div>\n<\/div>\n\n<\/div><\/div>","protected":false},"excerpt":{"rendered":"<p>Ofrecemos a las empresas Somos una inversi\u00f3n para su empresa, si trabaja con nosotros, adem\u00e1s de obtener un producto-servicio en condiciones establecidas (calidad, precio y plazo), colaborar\u00e1 en la formaci\u00f3n de las personas que ser\u00e1n SUS&nbsp;TRABAJADORES\/AS DEL FUTURO. Ikaslan Fundazioa&nbsp;es una entidad sin \u00e1nimo de lucro. Adem\u00e1s de obtener un producto-servicio que cumpla sus expectativas, &#8230; <a title=\"A empresas\" class=\"read-more\" href=\"https:\/\/www.ikaslanfundazioa.eus\/es\/a-empresas\/\" aria-label=\"M\u00e1s en A empresas\">Leer m\u00e1s<\/a><\/p>\n","protected":false},"author":1,"featured_media":0,"parent":0,"menu_order":0,"comment_status":"closed","ping_status":"closed","template":"","meta":{"footnotes":""},"class_list":["post-19","page","type-page","status-publish"],"_links":{"self":[{"href":"https:\/\/www.ikaslanfundazioa.eus\/es\/wp-json\/wp\/v2\/pages\/19","targetHints":{"allow":["GET"]}}],"collection":[{"href":"https:\/\/www.ikaslanfundazioa.eus\/es\/wp-json\/wp\/v2\/pages"}],"about":[{"href":"https:\/\/www.ikaslanfundazioa.eus\/es\/wp-json\/wp\/v2\/types\/page"}],"author":[{"embeddable":true,"href":"https:\/\/www.ikaslanfundazioa.eus\/es\/wp-json\/wp\/v2\/users\/1"}],"replies":[{"embeddable":true,"href":"https:\/\/www.ikaslanfundazioa.eus\/es\/wp-json\/wp\/v2\/comments?post=19"}],"version-history":[{"count":96,"href":"https:\/\/www.ikaslanfundazioa.eus\/es\/wp-json\/wp\/v2\/pages\/19\/revisions"}],"predecessor-version":[{"id":3967,"href":"https:\/\/www.ikaslanfundazioa.eus\/es\/wp-json\/wp\/v2\/pages\/19\/revisions\/3967"}],"wp:attachment":[{"href":"https:\/\/www.ikaslanfundazioa.eus\/es\/wp-json\/wp\/v2\/media?parent=19"}],"curies":[{"name":"wp","href":"https:\/\/api.w.org\/{rel}","templated":true}]}}