{"id":2037,"date":"2023-02-21T19:27:09","date_gmt":"2023-02-21T19:27:09","guid":{"rendered":"https:\/\/www.ikaslan.com\/?page_id=2037"},"modified":"2024-04-22T13:36:07","modified_gmt":"2024-04-22T12:36:07","slug":"politica-de-privacidad","status":"publish","type":"page","link":"https:\/\/www.ikaslanfundazioa.eus\/es\/politica-de-privacidad\/","title":{"rendered":"Pol\u00edtica de privacidad"},"content":{"rendered":"<div class=\"gb-container gb-container-723a6a71\"><div class=\"gb-inside-container\">\n\n<div class=\"wp-block-columns is-layout-flex wp-container-core-columns-is-layout-9d6595d7 wp-block-columns-is-layout-flex\">\n<div class=\"wp-block-column is-layout-flow wp-block-column-is-layout-flow\" style=\"flex-basis:100%\">\n<h2 class=\"wp-block-heading\">POLITICA DE PRIVACIDAD<\/h2>\n\n\n\n<h3 class=\"gb-headline gb-headline-c2dfc083 gb-headline-text\">CONDICIONES GENERALES DE USO<\/h3>\n\n\n\n<h3 class=\"gb-headline gb-headline-6a4a7a1d gb-headline-text\">1. ACEPTACI\u00d3N DE LOS T\u00c9RMINOS DE USO<\/h3>\n\n\n\n<p>La utilizaci\u00f3n del sitio web www.ikaslan.com propiedad de la IKASLAN FUNDAZIOA, es absolutamente voluntaria y supone la aceptaci\u00f3n plena por quien accede al mismo, en adelante el Usuario, de todas las Condiciones Generales de Uso vigentes en cada momento que se encuentren en la presente direcci\u00f3n, por lo cual el Usuario deber\u00e1 leer detenidamente y aceptar sin ning\u00fan tipo de reservas la presente POL\u00cdTICA DE PRIVACIDAD antes de realizar cualquier tipo de operaci\u00f3n, visionado, utilizaci\u00f3n, etc. con estos sitios web.<\/p>\n\n\n\n<p>El Usuario se compromete a no utilizar los sitios web o sus servicios y contenidos de forma contraria a lo dispuesto por la legislaci\u00f3n vigente. IKASLAN FUNDAZIOA se reserva el derecho a retirar el acceso a la presente p\u00e1gina web, sin necesidad de previo aviso, a cualquier Usuario que contravenga lo dispuesto en estas Condiciones Generales de Uso.<\/p>\n\n\n\n<p>IKASLAN FUNDAZIOA se reserva el derecho de modificar en cualquier momento las presentes Condiciones Generales de Uso as\u00ed como cualesquiera otras condiciones generales o particulares, reglamentos de uso o avisos que resulten de aplicaci\u00f3n. As\u00ed mismo se reserva el derecho a modificar en cualquier momento la presentaci\u00f3n, configuraci\u00f3n y localizaci\u00f3n del Sitio Web, as\u00ed como los contenidos y las condiciones requeridas para utilizar los mismos.<\/p>\n\n\n\n<h3 class=\"gb-headline gb-headline-d77502dc gb-headline-text\">2. OBJETO<\/h3>\n\n\n\n<p>IKASLAN FUNDAZIOA proporciona informaci\u00f3n clara y gratuita a los Usuarios sobre los servicios que proporciona a sus clientes, sus caracter\u00edsticas e informaci\u00f3n sobre la propia entidad.<br>En www.ikaslan.com podr\u00edan realizarse enlaces a otras p\u00e1ginas, las cuales no son gestionadas por IKASLAN FUNDAZIOA. Dichos enlaces provienen de otras fuentes de informaci\u00f3n, no suponiendo su inclusi\u00f3n recomendaci\u00f3n, invitaci\u00f3n o sugerencia para la visita de las p\u00e1ginas de destino y por lo tanto IKASLAN FUNDAZIOA declina toda responsabilidad que pudiese surgir al acceder a las p\u00e1ginas de terceros.<\/p>\n\n\n\n<h3 class=\"gb-headline gb-headline-934f84e7 gb-headline-text\">3. PROPIEDAD INTELECTUAL E INDUSTRIAL<\/h3>\n\n\n\n<p>El Usuario reconoce y acepta que todos los derechos de propiedad industrial e intelectual sobre los contenidos y cualesquiera otros elementos insertados en el Sitio Web pertenecen a IKASLAN FUNDAZIOA o a sus licenciantes, salvo en lo mencionado en el apartado anterior referente a hiperv\u00ednculos.<\/p>\n\n\n\n<p>IKASLAN FUNDAZIOA es titular de los elementos que integran el dise\u00f1o gr\u00e1fico de su p\u00e1gina web, los men\u00fas, botones de navegaci\u00f3n, el c\u00f3digo HTML, los textos, im\u00e1genes, texturas, gr\u00e1ficos y cualquier otro contenido de la p\u00e1gina web o, en cualquier caso, dispone de la correspondiente autorizaci\u00f3n para la utilizaci\u00f3n de dichos elementos.<\/p>\n\n\n\n<p>Por lo tanto, el Usuario s\u00f3lo est\u00e1 autorizado a visualizar todo el material y contenido de esta p\u00e1gina tal y como se presenta y a descargar en una sola computadora una copia del material para su uso personal y privado, nunca con prop\u00f3sitos comerciales, siempre que el Usuario cumpla con todas las normativas de propiedad industrial e intelectual.<\/p>\n\n\n\n<p>As\u00ed mismo queda prohibido suprimir, eludir o manipular el \u00abcopyright\u00bb y dem\u00e1s datos identificativos de los derechos de www.ikaslan.com, as\u00ed como los dispositivos t\u00e9cnicos de protecci\u00f3n, o cualquier mecanismo de informaci\u00f3n que pudieran contener los contenidos.<\/p>\n\n\n\n<p><br>IKASLAN FUNDAZIOA autoriza el establecimiento de enlaces entre otras webs y la suya, siempre que se respeten las siguientes condiciones:<\/p>\n\n\n\n<ul class=\"wp-block-list\">\n<li>que el enlace no se establezca desde una web cuyos contenidos resulten contrarios a la Ley, a la moral y al orden p\u00fablico,<\/li>\n\n\n\n<li>que no se ofrezca una imagen de&nbsp;IKASLAN FUNDAZIOA&nbsp;o de sus productos que resulte distorsionada, perjudicial, o equivocada,<\/li>\n\n\n\n<li>que no se cree la impresi\u00f3n de que concurre una inexistente relaci\u00f3n o vinculaci\u00f3n comercial entre IKASLAN FUNDAZIOA y los titulares, responsables o anunciantes desde la que se crea el enlace, cuando \u00e9ste no sea el caso,<\/li>\n\n\n\n<li>que&nbsp; no se cree la impresi\u00f3n de que los contenidos o web de&nbsp;IKASLAN FUNDAZIOA&nbsp;pertenecen o han<br>sido dise\u00f1ados por los titulares, responsables o anunciantes en la web desde la que se establece el enlace.<\/li>\n<\/ul>\n\n\n\n<h3 class=\"gb-headline gb-headline-59c52913 gb-headline-text\">4. USO DEL SERVICIO Y RESPONSABILIDADES<\/h3>\n\n\n\n<p><br>Las condiciones de acceso y uso de la presente p\u00e1gina web se rigen estrictamente por la legalidad vigente y &nbsp;por el principio de buena fe comprometi\u00e9ndose el Usuario a realizar un buen uso de la web y de los servicios que se&nbsp;ofrecen.<br>Quedan prohibidos todos los actos que vulneren la legalidad, derechos o intereses de terceros, prohibi\u00e9ndose expresamente:<\/p>\n\n\n\n<p>Realizar actuaciones que puedan producir en la web o a trav\u00e9s de la misma y por cualquier medio alg\u00fan tipo de da\u00f1o a los sistemas de IKASLAN FUNDAZIOA o a terceros.<\/p>\n\n\n\n<p>Realizar publicidad o informaci\u00f3n comercial directamente o de forma encubierta, spam (env\u00edo de correos masivos) o el env\u00edo de grandes mensajes con el fin de bloquear los servidores de la red.<\/p>\n\n\n\n<p>IKASLAN FUNDAZIOA&nbsp;no puede asumir ninguna responsabilidad derivada del uso incorrecto, inapropiado o il\u00edcito de la informaci\u00f3n aparecida en las p\u00e1ginas de Internet de IKASLAN FUNDAZIOA.<\/p>\n\n\n\n<h3 class=\"gb-headline gb-headline-c8824e6b gb-headline-text\">5. CONDICIONES LEGALES DE INFORMACI\u00d3N GENERAL<\/h3>\n\n\n\n<p><br>IKASLAN FUNDAZIOA en cumplimiento con lo dispuesto en el art 10 de Ley 34\/2002 de Servicios de la Sociedad de la Informaci\u00f3n y de Comercio Electr\u00f3nico, a trav\u00e9s de su p\u00e1gina Web proporciona el acceso, por medios electr\u00f3nicos, de forma permanente, f\u00e1cil, directa y gratuita, a la informaci\u00f3n relativa a su raz\u00f3n social, datos fiscales, registrales, domicilio y direcci\u00f3n de comunicaciones.<\/p>\n\n\n\n<h3 class=\"gb-headline gb-headline-3a83766b gb-headline-text\">6. POL\u00cdTICA EN PROTECCI\u00d3N DE DATOS<\/h3>\n\n\n\n<p>IKASLAN FUNDAZIOA&nbsp;cumple con la normativa vigente y m\u00e1s concretamente el Reglamento General Europeo de Datos Personales del 25\/06\/2016.<\/p>\n\n\n\n<p>Con car\u00e1cter previo, se pone de manifiesto que para el acceso a determinada informaci\u00f3n y contenido, el&nbsp;Usuario deber\u00e1 previamente darse de alta como tal, debiendo aceptar en la forma establecida en el mismo, de acuerdo con la LOPD, el tratamiento de sus datos personales, para poder ser incorporado a nuestro fichero.<\/p>\n\n\n\n<p>IKASLAN FUNDAZIOA le facilita a continuaci\u00f3n el acceso a la informaci\u00f3n sobre el tratamiento de datos que realiza sobre las personas interesadas.<\/p>\n\n\n\n<h2 class=\"wp-block-heading\">CL\u00c1USULAS PARA CONSENTIMIENTO DE RECOGIDA DE DATOS:<\/h2>\n\n\n\n<p><strong>\u00bfQui\u00e9n es el responsable de sus datos?<\/strong><\/p>\n\n\n\n<p>De acuerdo con lo establecido por la Ley Org\u00e1nica 3\/2018, de 5 de diciembre, de Protecci\u00f3n de Datos Personales y garant\u00eda de los derechos digitales (LOPD) y el Reglamento General de Protecci\u00f3n de Datos (RGPD) de 27 de Abril de 2016, le informamos que los datos personales aportados ser\u00e1n tratados por IKASLAN FUNDAZIOA con CIF G20374013 y domicilio en Pol\u00edgono Mallutz 23-24 &#8211; 20240, Ordizia (Gipuzkoa).<\/p>\n\n\n\n<p><strong>\u00bfCu\u00e1les son sus derechos cuando nos facilita sus datos?<\/strong><\/p>\n\n\n\n<p>Cualquier persona tiene derecho a solicitar el acceso, rectificaci\u00f3n, supresi\u00f3n, limitaci\u00f3n del tratamiento, oposici\u00f3n o derecho a la portabilidad de sus datos personales, escribi\u00e9ndonos a la direcci\u00f3n de nuestras oficinas, o enviando un correo electr\u00f3nico a <a href=\"mailto:ikaslan@ikaslan.com\">ikaslan@ikaslan.com<\/a>, indicando el derecho que desea ejercer.<\/p>\n\n\n\n<p>Tendr\u00e1 derecho igualmente a retirar el consentimiento prestado en cualquier momento. La retirada del consentimiento no afectar\u00e1 a la licitud del tratamiento efectuado antes de la retirada de dicho consentimiento.<\/p>\n\n\n\n<p>Tiene derecho a presentar una reclamaci\u00f3n ante la autoridad de control si considera que pueden haber sido vulnerados sus derechos en lo concerniente a la protecci\u00f3n de sus datos personales.<\/p>\n\n\n\n<p>El delegado de protecci\u00f3n de datos (DPD) es Dataprev Dual Services, SL (Paseo de Berio, 43 \u2013 20018 Donostia \u2013 943 103 053 \u2013 <a href=\"mailto:dpd@dataprev.es\">dpd@dataprev.es<\/a>)<\/p>\n\n\n\n<p><strong>PARA CLIENTES<\/strong><\/p>\n\n\n\n<p><strong>\u00bfCon qu\u00e9 finalidad tratamos sus datos personales?<\/strong><\/p>\n\n\n\n<p>Los datos aportados por usted son necesarios para poder prestarle con todas las garant\u00edas el servicio solicitado, y ser\u00e1n tratados con las siguientes finalidades: Gesti\u00f3n administrativa, contable y fiscal, gesti\u00f3n de las relaciones comerciales y transacciones econ\u00f3micas.<\/p>\n\n\n\n<p><strong>\u00bfPor cu\u00e1nto tiempo conservaremos sus datos?<\/strong><\/p>\n\n\n\n<p>Los datos personales proporcionados se conservar\u00e1n hasta la finalizaci\u00f3n de la relaci\u00f3n contractual y, posteriormente, durante los plazos legalmente exigidos.<\/p>\n\n\n\n<p><strong>\u00bfCu\u00e1l es la legitimaci\u00f3n para el tratamiento de sus datos?<\/strong><\/p>\n\n\n\n<p>La base legal para el tratamiento de sus datos es la ejecuci\u00f3n del contrato suscrito con nosotros.<\/p>\n\n\n\n<p><strong>\u00bfA qu\u00e9 destinatarios se comunicar\u00e1n sus datos?<\/strong><\/p>\n\n\n\n<p>Para cumplir con la finalidad prevista, sus datos podr\u00e1n ser comunicados a: Administraci\u00f3n tributaria; Bancos, cajas de ahorros y cajas rurales; Administraci\u00f3n p\u00fablica con competencia en la materia.<\/p>\n\n\n\n<p><strong>PARA CONTACTOS<\/strong><\/p>\n\n\n\n<p><strong>\u00bfCon qu\u00e9 finalidad tratamos sus datos personales?<\/strong><\/p>\n\n\n\n<p>Los datos aportados por usted son necesarios para poder prestarle con todas las garant\u00edas el servicio solicitado, y ser\u00e1n tratados con las siguientes finalidades: Gesti\u00f3n de las comunicaciones de la empresa y publicidad y prospecci\u00f3n comercial.<\/p>\n\n\n\n<p><strong>\u00bfPor cu\u00e1nto tiempo conservaremos sus datos?<\/strong><\/p>\n\n\n\n<p>Los datos personales proporcionados se conservar\u00e1n mientras se prevea que pueden ser necesarios para contactar con el interesado.<\/p>\n\n\n\n<p><strong>\u00bfCu\u00e1l es la legitimaci\u00f3n para el tratamiento de sus datos?<\/strong><\/p>\n\n\n\n<p>La base legal para el tratamiento de sus datos es el consentimiento del interesado al proporcionar sus datos de contacto.<\/p>\n\n\n\n<p><strong>\u00bfA qu\u00e9 destinatarios se comunicar\u00e1n sus datos?<\/strong><\/p>\n\n\n\n<p>Sus datos no se ceder\u00e1n a terceros salvo obligaci\u00f3n legal.<\/p>\n\n\n\n<p><strong>CANAL DE DENUNCIAS<\/strong><\/p>\n\n\n\n<p><strong>\u00bfCon qu\u00e9 finalidad tratamos sus datos personales?<\/strong><\/p>\n\n\n\n<p>Los datos aportados por usted son necesarios para poder prestarle con todas las garant\u00edas el servicio solicitado, y ser\u00e1n tratados con las siguientes finalidades: Los datos aportados por usted son necesarios para poder prestarle con todas las garant\u00edas el servicio solicitado, y ser\u00e1n tratados con las siguientes finalidades: Gesti\u00f3n de los datos del denunciante, recogidos a trav\u00e9s del canal de denuncias, para la comunicaci\u00f3n de irregularidades y supuestos incumplimientos normativos.<\/p>\n\n\n\n<p><strong>\u00bfPor cu\u00e1nto tiempo conservaremos sus datos?<\/strong><\/p>\n\n\n\n<p>Los datos personales proporcionados se conservar\u00e1n hasta la finalizaci\u00f3n del proceso legal y posteriormente durante los plazos legalmente exigidos.<\/p>\n\n\n\n<p><strong>\u00bfCu\u00e1l es la legitimaci\u00f3n para el tratamiento de sus datos?<\/strong><\/p>\n\n\n\n<p>La base legal para el tratamiento es el cumplimiento de la Ley 2\/2023, de 20 de febrero.<\/p>\n\n\n\n<p><strong>\u00bfA qu\u00e9 destinatarios se comunicar\u00e1n sus datos?<\/strong><\/p>\n\n\n\n<p>No se ceder\u00e1n a terceros salvo obligaci\u00f3n legal.<\/p>\n\n\n\n<p><strong>PARA ALUMNOS\/AS<\/strong><\/p>\n\n\n\n<p><strong>\u00bfCon qu\u00e9 finalidad tratamos sus datos personales?<\/strong><\/p>\n\n\n\n<p>Los datos aportados por usted son necesarios para poder prestarle con todas las garant\u00edas el servicio solicitado, y ser\u00e1n tratados con las siguientes finalidades: Gesti\u00f3n de datos de alumnos para su matriculaci\u00f3n, gesti\u00f3n de su expediente acad\u00e9mico y profesional, pago de becas, organizaci\u00f3n de visitas a empresas clientes, control de fichajes, realizaci\u00f3n del seguro de accidentes y otras actividades formativas.<\/p>\n\n\n\n<p><strong>\u00bfPor cu\u00e1nto tiempo conservaremos sus datos?<\/strong><\/p>\n\n\n\n<p>Mientras no se solicite la supresi\u00f3n por el interesado\/a.<\/p>\n\n\n\n<p><strong>\u00bfCu\u00e1l es la legitimaci\u00f3n para el tratamiento de sus datos?<\/strong><\/p>\n\n\n\n<p>Consentimiento del interesado\/a.<\/p>\n\n\n\n<p><strong>\u00bfA qu\u00e9 destinatarios se comunicar\u00e1n sus datos?<\/strong><\/p>\n\n\n\n<p>Para cumplir con la finalidad prevista, sus datos podr\u00e1n ser comunicados a: Bancos, cajas de ahorros y cajas rurales; Entidades aseguradoras.<\/p>\n<\/div>\n<\/div>\n\n<\/div><\/div>","protected":false},"excerpt":{"rendered":"<p>POLITICA DE PRIVACIDAD CONDICIONES GENERALES DE USO 1. ACEPTACI\u00d3N DE LOS T\u00c9RMINOS DE USO La utilizaci\u00f3n del sitio web www.ikaslan.com propiedad de la IKASLAN FUNDAZIOA, es absolutamente voluntaria y supone la aceptaci\u00f3n plena por quien accede al mismo, en adelante el Usuario, de todas las Condiciones Generales de Uso vigentes en cada momento que se &#8230; <a title=\"Pol\u00edtica de privacidad\" class=\"read-more\" href=\"https:\/\/www.ikaslanfundazioa.eus\/es\/politica-de-privacidad\/\" aria-label=\"M\u00e1s en Pol\u00edtica de privacidad\">Leer m\u00e1s<\/a><\/p>\n","protected":false},"author":1,"featured_media":0,"parent":0,"menu_order":0,"comment_status":"closed","ping_status":"closed","template":"","meta":{"footnotes":""},"class_list":["post-2037","page","type-page","status-publish"],"_links":{"self":[{"href":"https:\/\/www.ikaslanfundazioa.eus\/es\/wp-json\/wp\/v2\/pages\/2037","targetHints":{"allow":["GET"]}}],"collection":[{"href":"https:\/\/www.ikaslanfundazioa.eus\/es\/wp-json\/wp\/v2\/pages"}],"about":[{"href":"https:\/\/www.ikaslanfundazioa.eus\/es\/wp-json\/wp\/v2\/types\/page"}],"author":[{"embeddable":true,"href":"https:\/\/www.ikaslanfundazioa.eus\/es\/wp-json\/wp\/v2\/users\/1"}],"replies":[{"embeddable":true,"href":"https:\/\/www.ikaslanfundazioa.eus\/es\/wp-json\/wp\/v2\/comments?post=2037"}],"version-history":[{"count":10,"href":"https:\/\/www.ikaslanfundazioa.eus\/es\/wp-json\/wp\/v2\/pages\/2037\/revisions"}],"predecessor-version":[{"id":3764,"href":"https:\/\/www.ikaslanfundazioa.eus\/es\/wp-json\/wp\/v2\/pages\/2037\/revisions\/3764"}],"wp:attachment":[{"href":"https:\/\/www.ikaslanfundazioa.eus\/es\/wp-json\/wp\/v2\/media?parent=2037"}],"curies":[{"name":"wp","href":"https:\/\/api.w.org\/{rel}","templated":true}]}}