{"id":2039,"date":"2023-02-21T19:27:35","date_gmt":"2023-02-21T19:27:35","guid":{"rendered":"https:\/\/www.ikaslan.com\/?page_id=2039"},"modified":"2023-05-25T16:49:31","modified_gmt":"2023-05-25T14:49:31","slug":"aviso-legal","status":"publish","type":"page","link":"https:\/\/www.ikaslanfundazioa.eus\/es\/aviso-legal\/","title":{"rendered":"Aviso legal"},"content":{"rendered":"<div class=\"gb-container gb-container-723a6a71\"><div class=\"gb-inside-container\">\n\n<div class=\"wp-block-columns is-layout-flex wp-container-core-columns-is-layout-9d6595d7 wp-block-columns-is-layout-flex\">\n<div class=\"wp-block-column is-layout-flow wp-block-column-is-layout-flow\" style=\"flex-basis:100%\">\n<h2 class=\"wp-block-heading\">Aviso Legal<\/h2>\n<\/div>\n<\/div>\n\n\n\n<h3 class=\"wp-block-heading\">Introducci\u00f3n<\/h3>\n\n\n\n<p>El presente documento establece las Condiciones Generales de Uso de esta WEB que IKASLAN FUNDAZIOA mantiene en Internet.<\/p>\n\n\n\n<p>El acceso a esta WEB se encuentra condicionado a la previa lectura y aceptaci\u00f3n por parte de cualquier usuario de los t\u00e9rminos, condiciones, comunicaciones, advertencias y dem\u00e1s avisos legales contenidos en el presente clausulado.<\/p>\n\n\n\n<p>El acceso a esta WEB tiene car\u00e1cter gratuito y su visualizaci\u00f3n no requiere suscripci\u00f3n previa o registro alguno.<\/p>\n\n\n\n<p>Las conexiones con otros sitios WEB que pudieran existir as\u00ed como el uso que el usuario pueda hacer de las mismas est\u00e1 sujeto a las presentes Condiciones Generales de uso as\u00ed como a los eventuales condicionados espec\u00edficos que los citados sitios WEB requieran.<\/p>\n\n\n\n<p>Cualquier utilizaci\u00f3n distinta a la autorizada est\u00e1 expresamente prohibida.<\/p>\n\n\n\n<h3 class=\"wp-block-heading\">IDENTIDAD DEL TITULAR DE LA PRESENTE WEB<\/h3>\n\n\n\n<p>Los datos identificativos del responsable de la presente WEB son:<\/p>\n\n\n\n<p class=\"has-contrast-color has-text-color\">IKASLAN FUNDAZIOA, con CIF- G20374013 domiciliada en Mallutz industrialdea 23-24, 20240, Ordizia inscrita en el Registro de fundaciones con el N\u00ba GIP-46.<\/p>\n\n\n\n<h3 class=\"wp-block-heading\">DERECHOS Y OBLIGACIONES DEL PRESTADOR DE LOS SERVICIOS.<\/h3>\n\n\n\n<p>1.- Como proveedor del servicio, IKASLAN FUNDAZIOA se encuentra obligada a prestar los servicios ofertados por la presente WEB, a garantizar eficazmente el secreto de las comunicaciones que pudieran existir con el usuario as\u00ed como a responder a las reclamaciones que eventualmente pudieran plantearse. Esta p\u00e1gina WEB no recoge ni almacena datos personales de sus visitantes, a menos que el usuario voluntariamente los facilite.<\/p>\n\n\n\n<p>2.- IKASLAN FUNDAZIOA se reserva la facultad de efectuar, en cualquier momento y sin necesidad de previo aviso, modificaciones y actualizaciones sobre la informaci\u00f3n contenida en la WEB o en su configuraci\u00f3n o presentaci\u00f3n, sin perjuicio de lo cual procurar\u00e1 ponerlo en conocimiento de los usuarios, siempre que las circunstancias as\u00ed se lo permitan.<\/p>\n\n\n\n<p>3.- Tanto el acceso a la WEB, como el uso que pueda hacerse de la informaci\u00f3n contenida en la misma son de la exclusiva responsabilidad de quien lo realiza. IKASLAN FUNDAZIOA no responder\u00e1 de ninguna consecuencia, da\u00f1o o perjuicio que pudieran derivarse de dicho acceso o uso de informaci\u00f3n, con excepci\u00f3n de todas aquellas actuaciones que resulten de la aplicaci\u00f3n de las disposiciones legales a las que deba someterse en el estricto ejercicio de sus competencias.<\/p>\n\n\n\n<p>IKASLAN FUNDAZIOA no garantiza, directa o indirectamente, la informaci\u00f3n o los servicios ofrecidos, salvo aquellas garant\u00edas que en virtud de las leyes aplicables deban ser otorgadas o que queden expl\u00edcitamente descritas en un acuerdo entre esta sociedad y el usuario.<\/p>\n\n\n\n<p>IKASLAN FUNDAZIOA no garantiza el contenido suministrado, en su caso, por terceras personas, ni garantiza la veracidad, fiabilidad, precisi\u00f3n, oportunidad o conveniencia de la informaci\u00f3n suministrada para el destino que los usuarios o cualquier otra persona hagan de la misma.<\/p>\n\n\n\n<h3 class=\"wp-block-heading\">DERECHOS Y OBLIGACIONES DEL USUARIO.<\/h3>\n\n\n\n<p>1.- En todo momento, el usuario debe realizar un uso l\u00edcito de los servicios de la presente WEB de acuerdo con la legalidad vigente, respetando los derechos de propiedad intelectual de IKASLAN FUNDAZIOA.<\/p>\n\n\n\n<p>2.- El usuario no realizar\u00e1 a trav\u00e9s de los servicios que pone a su disposici\u00f3n IKASLAN FUNDAZIOA ninguna acci\u00f3n que cause da\u00f1o o alteraciones de los contenidos, ni obstaculizar\u00e1 el buen funcionamiento de la WEB, no causando problemas t\u00e9cnicos de ninguna \u00edndole, no transfiriendo elementos susceptibles de portar virus inform\u00e1ticos o de da\u00f1ar, interferir o interceptar total o parcialmente la presente WEB, as\u00ed como a no intervenir o alterar el correo electr\u00f3nico de otros usuarios.<\/p>\n\n\n\n<h3 class=\"wp-block-heading\">EXCLUSI\u00d3N DE GARANT\u00cdAS Y DE RESPONSABILIDAD POR EL FUNCIONAMIENTO DEL SITIO WEB Y DE SUS SERVICIOS.<\/h3>\n\n\n\n<p>1.- IKASLAN FUNDAZIOA no garantiza la disponibilidad y continuidad del funcionamiento del presente sitio WEB y de sus servicios.<\/p>\n\n\n\n<p>De esta forma, se excluye cualquier responsabilidad por los da\u00f1os y perjuicios de cualquier naturaleza que puedan derivarse de la falta de disponibilidad o de continuidad del funcionamiento del sitio WEB y de sus servicios.<\/p>\n\n\n\n<p>En cualquier caso, IKASLAN FUNDAZIOA realizar\u00e1 sus mejores esfuerzos de cara a mantener la disponibilidad continuada de la presente WEB.<\/p>\n\n\n\n<p>2.- IKASLAN FUNDAZIOA pone a disposici\u00f3n de los usuarios los sistemas de privacidad de datos personales que impiden el acceso a los mismos por parte de terceros. (Pol\u00edtica de privacidad de IKASLAN FUNDAZIOA) IKASLAN FUNDZIOA ha implantado todas las medidas de seguridad t\u00e9cnicas y organizativas necesarias que garanticen la integridad, confidencialidad y disponibilidad de los datos personales facilitados por el usuario.<\/p>\n\n\n\n<p>En este sentido, la citada organizaci\u00f3n se exime de toda responsabilidad por los da\u00f1os y perjuicios ocasionados en caso de producirse tal conocimiento.<\/p>\n\n\n\n<p>3.- Pese a que IKASLAN FUNDAZIOA ha implantado todas aquellas medidas adecuadas para garantizar la seguridad en esta materia, no controla ni garantiza la ausencia de virus ni de otros elementos en los contenidos de la presente p\u00e1gina WEB que puedan producir alteraciones en el sistema inform\u00e1tico (software y hardware) del usuario o en los documentos electr\u00f3nicos y ficheros almacenados en su sistema inform\u00e1tico.<\/p>\n\n\n\n<p>IKASLAN FUNDAZIOA se exime de cualquier responsabilidad por los da\u00f1os y perjuicios de toda naturaleza que puedan deberse a la presencia de virus en los contenidos que puedan producir alteraciones en el sistema inform\u00e1tico, documentos electr\u00f3nicos, ficheros etc.<\/p>\n\n\n\n<p>4.- Pese a los esfuerzos continuados que realiza al efecto, IKASLAN FUNDAZIOA no garantiza la inexistencia de errores en el acceso a la WEB ni en su contenido. Por ello, el usuario, exonera a IKASLAN FUNDAZIOA de cualquier responsabilidad en relaci\u00f3n con la fiabilidad, utilidad o falsa expectativa que el Portal pudiera producirle durante su navegaci\u00f3n por el mismo.<\/p>\n\n\n\n<h3 class=\"wp-block-heading\">POLITICA SOBRE COOKIES:<\/h3>\n\n\n\n<p>En cumplimiento de lo dispuesto en el art\u00edculo 22.2 de la Ley 34\/2002, de 11 de julio, de Servicios Sociales y de Comercio Electr\u00f3nico, puede encontrar informaci\u00f3n sobre la pol\u00edtica de recogida y tratamiento de cookies en el siguiente enlace:&nbsp;<strong><a href=\"https:\/\/www.ikaslan.com\/politica-de-cookies\/\">politica_cookies<\/a><\/strong><\/p>\n\n\n\n<h3 class=\"wp-block-heading\">PROPIEDAD INTELECTUAL.<\/h3>\n\n\n\n<p>Los derechos de propiedad intelectual sobre la presente WEB y de los distintos elementos en ella contenidos, son titularidad de IKASLAN FUNDAZIOA, salvo aqu\u00e9llos de empresas con las que haya firmado el correspondiente contrato para la provisi\u00f3n de contenidos y est\u00e1n protegidos por las normas nacionales e internacionales de propiedad intelectual e industrial. El ejercicio exclusivo de los derechos de reproducci\u00f3n, distribuci\u00f3n, comunicaci\u00f3n p\u00fablica y transformaci\u00f3n pertenecen a la citada compa\u00f1\u00eda.<\/p>\n\n\n\n<p>El dise\u00f1o, im\u00e1genes, mapas, gr\u00e1ficos, marcas, r\u00f3tulos, signos distintivos o logos de IKASLAN FUNDAZIOA, frames, banners, el software y sus distintos c\u00f3digos, fuente y objeto, etc. de esta WEB son titularidad de IKASLAN FUNDAZIOA, que posee leg\u00edtimamente en exclusiva los derechos de explotaci\u00f3n sobre los mismos.<\/p>\n\n\n\n<p>El usuario que acceda a esta WEB no puede copiar, modificar, distribuir, transmitir, reproducir, publicar, ceder, vender los elementos anteriormente mencionados o crear nuevos productos o servicios derivados de la informaci\u00f3n obtenida.<\/p>\n\n\n\n<p>\u00danicamente queda autorizada la visualizaci\u00f3n y carga para el uso personal y no comercial del usuario, sin que pueda hacerlo extensivo a terceras personas o entidades.<\/p>\n\n\n\n<p>Queda terminantemente prohibida la alteraci\u00f3n de esta WEB por parte del usuario y que pueda afectar a su contenido, tales como v\u00ednculos (o links) y similares.<\/p>\n\n\n\n<p>IKASLAN FUNDAZIOA velar\u00e1 para que los contenidos de esta WEB no tengan car\u00e1cter pornogr\u00e1fico, xen\u00f3fobo, discriminatorio, racista, difamatorio, ni que fomenten la violencia.<\/p>\n\n\n\n<p>Del mismo modo procurar\u00e1 evitar cualquier circunstancia que pueda ser perjudicial para los usuarios.<\/p>\n\n\n\n<h3 class=\"wp-block-heading\">V\u00cdNCULOS O ENLACES.<\/h3>\n\n\n\n<p>No se podr\u00e1 establecer ning\u00fan v\u00ednculo al Portal desde cualquier otra WEB sin el previo y expreso consentimiento de IKASLAN .<\/p>\n\n\n\n<p>En el supuesto de que la presente p\u00e1gina WEB pudiera contener v\u00ednculos o enlaces con otros portales o sitios WEB no gestionados por IKASLAN FUNDAZIOA, esta organizaci\u00f3n manifiesta que no ejerce control alguno sobre dichos portales o sitios WEB, ni es responsable del contenido de los mismos. Los links que esta WEB pudiera contener se ofrecer\u00e1n, \u00fanicamente, a modo de referencias informativas, sin ning\u00fan tipo de valoraci\u00f3n sobre los contenidos, propietarios, servicios o productos ofrecidos desde los mismos.<\/p>\n\n\n\n<p>En todo caso, IKASLAN FUNDAZIOA se exonera de toda responsabilidad en relaci\u00f3n con los servicios prestados por dichos terceros frente a cualesquiera reclamaciones de cualquier naturaleza y demandas que pudieran interponerse en relaci\u00f3n con los mismos.<\/p>\n\n\n\n<h3 class=\"wp-block-heading\">LEY APLICABLE Y JURISDICCI\u00d3N.<\/h3>\n\n\n\n<p>Estas Condiciones Generales de uso y navegaci\u00f3n as\u00ed como cualquier relaci\u00f3n entre el usuario y IKASLAN FUNDAZIOA se regir\u00e1n por la legislaci\u00f3n espa\u00f1ola.<\/p>\n\n\n\n<p>Para cualquier litigio derivado de la existencia o contenido de las presentes Condiciones Generales o de las relaciones entre el usuario y IKASLAN FUNDAZIOA, ambas partes, con renuncia expresa a cualquier otro fuero que pudiera corresponderles, se someten a la jurisdicci\u00f3n y competencia exclusiva de los Juzgados y Tribunales de Tolosa (Gipuzkoa).<\/p>\n\n<\/div><\/div>","protected":false},"excerpt":{"rendered":"<p>Aviso Legal Introducci\u00f3n El presente documento establece las Condiciones Generales de Uso de esta WEB que IKASLAN FUNDAZIOA mantiene en Internet. El acceso a esta WEB se encuentra condicionado a la previa lectura y aceptaci\u00f3n por parte de cualquier usuario de los t\u00e9rminos, condiciones, comunicaciones, advertencias y dem\u00e1s avisos legales contenidos en el presente clausulado. &#8230; <a title=\"Aviso legal\" class=\"read-more\" href=\"https:\/\/www.ikaslanfundazioa.eus\/es\/aviso-legal\/\" aria-label=\"M\u00e1s en Aviso legal\">Leer m\u00e1s<\/a><\/p>\n","protected":false},"author":1,"featured_media":0,"parent":0,"menu_order":0,"comment_status":"closed","ping_status":"closed","template":"","meta":{"footnotes":""},"class_list":["post-2039","page","type-page","status-publish"],"_links":{"self":[{"href":"https:\/\/www.ikaslanfundazioa.eus\/es\/wp-json\/wp\/v2\/pages\/2039","targetHints":{"allow":["GET"]}}],"collection":[{"href":"https:\/\/www.ikaslanfundazioa.eus\/es\/wp-json\/wp\/v2\/pages"}],"about":[{"href":"https:\/\/www.ikaslanfundazioa.eus\/es\/wp-json\/wp\/v2\/types\/page"}],"author":[{"embeddable":true,"href":"https:\/\/www.ikaslanfundazioa.eus\/es\/wp-json\/wp\/v2\/users\/1"}],"replies":[{"embeddable":true,"href":"https:\/\/www.ikaslanfundazioa.eus\/es\/wp-json\/wp\/v2\/comments?post=2039"}],"version-history":[{"count":11,"href":"https:\/\/www.ikaslanfundazioa.eus\/es\/wp-json\/wp\/v2\/pages\/2039\/revisions"}],"predecessor-version":[{"id":3084,"href":"https:\/\/www.ikaslanfundazioa.eus\/es\/wp-json\/wp\/v2\/pages\/2039\/revisions\/3084"}],"wp:attachment":[{"href":"https:\/\/www.ikaslanfundazioa.eus\/es\/wp-json\/wp\/v2\/media?parent=2039"}],"curies":[{"name":"wp","href":"https:\/\/api.w.org\/{rel}","templated":true}]}}