{"id":21,"date":"2022-11-09T20:48:25","date_gmt":"2022-11-09T20:48:25","guid":{"rendered":"https:\/\/www.ikaslan.com\/?page_id=21"},"modified":"2026-03-07T15:19:37","modified_gmt":"2026-03-07T14:19:37","slug":"a-alumnos","status":"publish","type":"page","link":"https:\/\/www.ikaslanfundazioa.eus\/es\/a-alumnos\/","title":{"rendered":"A alumnas\/os"},"content":{"rendered":"<div class=\"gb-container gb-container-581f13eb\">\n<div class=\"gb-container gb-container-9b22a95d\"><div class=\"gb-inside-container\">\n<div class=\"gb-container gb-container-876000bd\"><div class=\"gb-inside-container\"><\/div><\/div>\n\n\n<style>\n.background-video {\n  position: relative;\n  padding-bottom: 56.25%;\n  height: 0;\n\n}\n.background-video iframe {\n  position: absolute;\n  top: 0;\n  left: 0;\n  width: 100%;\n  height: 100%;\n}\n<\/style>\n<div class=\"background-video\">\n<iframe loading=\"lazy\" width=\"100%\" height=\"1080px\" src=\"https:\/\/www.youtube.com\/embed\/o1QGEnl3HCY?loop=1&amp;autoplay=1&amp;mute=1&amp;showinfo=0&amp;modestbranding=1&amp;controls=0\" title=\"YouTube video player\"><\/iframe>\n<\/div>\n\n<\/div><\/div>\n<\/div>\n\n<div class=\"gb-container gb-container-7411688c\"><div class=\"gb-inside-container\">\n<div class=\"gb-container gb-container-149b4d7b\"><div class=\"gb-inside-container\">\n\n<div class=\"wp-block-columns background-video-content ancho is-layout-flex wp-container-core-columns-is-layout-9d6595d7 wp-block-columns-is-layout-flex\">\n<div class=\"wp-block-column is-layout-flow wp-block-column-is-layout-flow\" style=\"flex-basis:66%\"><div class=\"gb-container gb-container-1727164b sombraCaja\"><div class=\"gb-inside-container\">\n\n<h2 class=\"gb-headline gb-headline-bb5e2c42 gb-headline-text\"><strong>Ofrecemos a las\/os alumnas\/os<\/strong><\/h2>\n\n\n\n<p>Goierri Eskolak y Ikaslan Fundazioa, juntos, <strong>te ofrecemos una primera experiencia profesional <\/strong>que enriquecer\u00e1 tu formaci\u00f3n. Gracias a pr\u00e1cticas de calidad, adem\u00e1s de obtener tu t\u00edtulo de Formaci\u00f3n Profesional, <strong>acumular\u00e1s entre 800 y 1.100 horas de experiencia laboral real<\/strong>, aportando un valor a\u00f1adido a tu curr\u00edculum.<\/p>\n\n\n\n<p>Las empresas del Goierri conocen bien la preparaci\u00f3n y trayectoria del alumnado que ha pasado por Ikaslan Fundazioa; por eso, lo valoran y reconocen especialmente a la hora de incorporarse al mundo laboral.<\/p>\n\n\n\n<p>Tendr\u00e1s la oportunidad de poner en pr\u00e1ctica los conocimientos adquiridos durante tus estudios: solicitar materias primas, trabajar dise\u00f1os, planificar la producci\u00f3n, participar en el proceso productivo y mantener contacto directo con clientes. Adem\u00e1s, el alumnado de  la mayor\u00eda de las titulaciones de Goierri Eskola <strong>puede vivir esta experiencia con nosotros<\/strong>.<\/p>\n\n<\/div><\/div><\/div>\n\n\n\n<div class=\"wp-block-column alinear is-layout-flow wp-block-column-is-layout-flow\" style=\"flex-basis:33%\">\n<h2 class=\"gb-headline gb-headline-6d8650d0 gb-headline-text sombraCaja\">\u00abTe adaptar\u00e1s m\u00e1s r\u00e1pido al <strong>mundo laboral <\/strong>y profesional\u00bb<\/h2>\n\n\n\n<h2 class=\"gb-headline gb-headline-ddd7b849 gb-headline-text sombraCaja\">\u00abHacemos de <strong>puente <\/strong>entre el aula y la empresa\u00bb<\/h2>\n<\/div>\n<\/div>\n\n<\/div><\/div>\n<\/div><div class=\"gb-shapes\"><div class=\"gb-shape gb-shape-1\"><svg xmlns=\"http:\/\/www.w3.org\/2000\/svg\" viewBox=\"0 0 1200 194.3\" preserveAspectRatio=\"none\"><path d=\"M1200 133.3l-50 8.9c-50 8.6-150 26.9-250 31.1-100 4.2-200-4.2-300-26.7S400 89.2 300 62.2C200 35.8 100 17.5 50 8.9L0 0v194.3h1200v-61z\"\/><\/svg><\/div><\/div><\/div>\n\n<div class=\"gb-container gb-container-2f51b624\"><div class=\"gb-inside-container\">\n\n<div class=\"wp-block-columns is-layout-flex wp-container-core-columns-is-layout-9d6595d7 wp-block-columns-is-layout-flex\">\n<div class=\"wp-block-column is-layout-flow wp-block-column-is-layout-flow\" style=\"flex-basis:50%\"><!-- This site is using iChart - https:\/\/www.quantumcloud.com\/products\/ -->\r\n<div style=\"width:;margin:0 auto;\">\r\n\t<canvas id=\"myiChartdatos-de-alumnado-ltimos-3-aos-1\"><\/canvas>\r\n<\/div>\r\n\t\r\n<script>\r\n\r\njQuery(window).on('load',function(){\r\n\tvar ctx = document.getElementById(\"myiChartdatos-de-alumnado-ltimos-3-aos-1\");\r\n\r\n\tvar myChart = new Chart(ctx, {\r\n\t    type: \"bar\",\r\n\t    data: {\r\n\t        labels: [\"Total\",\"FP Grado superior\",\"FP Grado medio\",\"FP Inicial\",\" Ingenier\u00eda\",\" Desempleados\"],\r\n\t        datasets: [{\r\n\t            label: 'Alumnos',\r\n\t            data: [445,252,128,42,16,7,],\r\n\t\t\t\t\t\t\t\tbackgroundColor: ['#e21631','#54b4a6','#eca714','#008236','#e30052','#555555'],\r\n\t\t\t\t\t\t\t\t\r\n\t\t\t\t\t\t\t\t\r\n\t            \t            pointRadius: 8,\r\n\t\t\t\tpointHoverRadius: 11,\r\n\t            \/\/borderWidth: 3,\r\n\t\t\t\t\t\t\t\tfill: false,\r\n\t\t\t\t\r\n\t\t\t\t\r\n\t        }]\r\n\t    },\r\n\t    options: {\r\n\t    \taspectRatio: 1,\r\n\t    \t\t\telements: {\r\n\t\t\t\t\t\tpoint: {\r\n\t\t\t\t\t\t\tpointStyle: 'circle'\r\n\t\t\t\t\t\t}\r\n\t\t\t\t\t},\r\n\t\t\t\t\ttitle: {\r\n\t                        display: true,\r\n\t                        text: 'Datos de alumnado \u00faltimos 3 a\u00f1os'\r\n\t                    },\r\n\t\t\ttooltips: {\r\n\t                    mode: 'index',\r\n\t                    intersect: false,\r\n\t                },\r\n\t                hover: {\r\n\t                    mode: 'nearest',\r\n\t                    intersect: true\r\n\t                },\r\n\t\t\t\tscales: {\r\n                    yAxes: [{\r\n                        display: true,\r\n                        gridLines: {\r\n                            display: true,\r\n                        },\r\n                        ticks: {\r\n                            beginAtZero: true,\r\n                            min: 0\r\n                        }\r\n                    }],\r\n                },\r\n\r\n                plugins: {\r\n\t\t\t      deferred: {\r\n\t\t\t        delay: 500      \/\/ delay of 500 ms after the canvas is considered inside the viewport\r\n\t\t\t      }\r\n\t\t\t    }\r\n\r\n\t    }\r\n\t});\r\n});\r\n<\/script>\r\n\n<\/div>\n\n\n\n<div class=\"wp-block-column is-layout-flow wp-block-column-is-layout-flow\" style=\"flex-basis:50%\"><div class=\"gb-button-wrapper gb-button-wrapper-5f6aba8a\">\n\n<span class=\"gb-button gb-button-74dd8087 gb-button-text\">Pr\u00e1cticas<\/span>\n\n<\/div>\n\n\n<h2 class=\"gb-headline gb-headline-4b37af9e gb-headline-text\">Itinerarios<\/h2>\n\n\n\n<p>En funci\u00f3n del nivel de tus estudios, dise\u00f1amos un itinerario espec\u00edfico para tus pr\u00e1cticas en&nbsp;Ikaslan&nbsp;Fundazioa. Conoce las caracter\u00edsticas de cada <strong>PROGRAMA FORMATIVO<\/strong>:&nbsp;<\/p>\n\n\n<div class=\"gb-button-wrapper gb-button-wrapper-a97f9cec\">\n\n<a class=\"gb-button gb-button-a6d19ad7 gb-button-text\" href=\"https:\/\/www.ikaslanfundazioa.eus\/es\/gestor\/\">DUAL EN GRADO DE INGENIER\u00cdA&nbsp;<\/a>\n\n\n\n<a class=\"gb-button gb-button-99bdab4b gb-button-text\" href=\"https:\/\/www.ikaslanfundazioa.eus\/es\/gestor\/\">DUAL INTENSIVO EN FORMACI\u00d3N PROFESIONAL<\/a>\n\n\n\n<a class=\"gb-button gb-button-61a5fd9b gb-button-text\" href=\"https:\/\/www.ikaslanfundazioa.eus\/es\/coordinador\/\">FP DE GRADO SUPERIOR&nbsp;&nbsp;<\/a>\n\n\n\n<a class=\"gb-button gb-button-ee156769 gb-button-text\" href=\"https:\/\/www.ikaslanfundazioa.eus\/es\/tecnico\/\">FP DE GRADO MEDIO&nbsp;<\/a>\n\n\n\n<a class=\"gb-button gb-button-46b28c3a gb-button-text\" href=\"https:\/\/www.ikaslanfundazioa.eus\/es\/auxiliar\">FP INICIAL<\/a>\n\n<\/div>\n\n\n<p>Para que tu estancia en Ikaslan Fundazioa sea la mejor, ponemos a tu disposici\u00f3n un equipo humano profesional, que se preocupar\u00e1 de tu formaci\u00f3n, y adem\u00e1s de ense\u00f1arte, recogeremos tus aportaciones y trataremos de mejorar todos juntos.&nbsp;<\/p>\n<\/div>\n<\/div>\n\n<\/div><\/div>\n\n<div class=\"gb-container gb-container-0099f707\"><div class=\"gb-inside-container\">\n<div class=\"gb-grid-wrapper gb-grid-wrapper-aa70e471\">\n<div class=\"gb-grid-column gb-grid-column-aa37d303\"><div class=\"gb-container gb-container-aa37d303\"><div class=\"gb-inside-container\">\n<div class=\"gb-button-wrapper gb-button-wrapper-1d53eb3d\">\n\n<span class=\"gb-button gb-button-1e31090b gb-button-text\">Entornos de aprendizaje<\/span>\n\n<\/div>\n\n\n<h2 class=\"gb-headline gb-headline-735c866d gb-headline-text\">Ikasgunes<\/h2>\n\n\n\n<p>Organizamos Ikaslan Fundazioa en unidades de conocimiento y productivo que denominamos IKASGUNE (entorno de aprendizaje), \u00e9stos tienen por objeto ofrecer el mejor servicio tanto al alumnado como a las empresas y son unidades de negocio asociados a procesos productivos y de gesti\u00f3n que monitorizamos con indicadores de productividad, calidad, medioambiente y satisfacci\u00f3n.&nbsp;<\/p>\n\n<\/div><\/div><\/div>\n\n<div class=\"gb-grid-column gb-grid-column-f0a5b5ba\"><div class=\"gb-container gb-container-f0a5b5ba sombraCaja\"><a class=\"gb-container-link\" href=\"https:\/\/www.ikaslanfundazioa.eus\/es\/ikasgune-corte\/\"><\/a><div class=\"gb-inside-container\">\n<div class=\"wp-block-image\">\n<figure class=\"aligncenter size-large\"><img loading=\"lazy\" decoding=\"async\" width=\"1024\" height=\"681\" src=\"https:\/\/www.ikaslan.com\/wp-content\/uploads\/2022\/12\/ikaslan_baja_078_Meetmeinthenorth2022-1024x681.jpg\" alt=\"\" class=\"wp-image-942\" srcset=\"https:\/\/www.ikaslanfundazioa.eus\/wp-content\/uploads\/2022\/12\/ikaslan_baja_078_Meetmeinthenorth2022-1024x681.jpg 1024w, https:\/\/www.ikaslanfundazioa.eus\/wp-content\/uploads\/2022\/12\/ikaslan_baja_078_Meetmeinthenorth2022-300x200.jpg 300w, https:\/\/www.ikaslanfundazioa.eus\/wp-content\/uploads\/2022\/12\/ikaslan_baja_078_Meetmeinthenorth2022-768x511.jpg 768w, https:\/\/www.ikaslanfundazioa.eus\/wp-content\/uploads\/2022\/12\/ikaslan_baja_078_Meetmeinthenorth2022-1536x1022.jpg 1536w, https:\/\/www.ikaslanfundazioa.eus\/wp-content\/uploads\/2022\/12\/ikaslan_baja_078_Meetmeinthenorth2022.jpg 1920w\" sizes=\"auto, (max-width: 1024px) 100vw, 1024px\" \/><\/figure>\n<\/div>\n\n\n<h5 class=\"gb-headline gb-headline-2b0ec20c gb-headline-text\"><strong><strong><strong><strong><strong><strong><strong>Ikasgune <\/strong><\/strong><\/strong><\/strong><\/strong><\/strong><\/strong><br><strong><strong><strong><strong><strong><strong><strong>CORTE<\/strong><\/strong><\/strong><\/strong><\/strong><\/strong><\/strong><\/h5>\n\n\n<div class=\"gb-container gb-container-9b76cd5e\"><div class=\"gb-inside-container\">\n\n<p class=\"has-text-align-center\">Entorno de dise\u00f1o, programaci\u00f3n y corte l\u00e1ser de materiales met\u00e1licos<\/p>\n\n<\/div><\/div>\n<\/div><\/div><\/div>\n\n<div class=\"gb-grid-column gb-grid-column-8f895c66\"><div class=\"gb-container gb-container-8f895c66\"><a class=\"gb-container-link\" href=\"https:\/\/www.ikaslanfundazioa.eus\/es\/ikasgune-conformado-y-mecanizado\/\"><\/a><div class=\"gb-inside-container\">\n<div class=\"wp-block-image\">\n<figure class=\"aligncenter size-large\"><img loading=\"lazy\" decoding=\"async\" width=\"1024\" height=\"681\" src=\"https:\/\/www.ikaslan.com\/wp-content\/uploads\/2022\/12\/ikaslan_baja_052_Meetmeinthenorth2022-1024x681.jpg\" alt=\"\" class=\"wp-image-890\" srcset=\"https:\/\/www.ikaslanfundazioa.eus\/wp-content\/uploads\/2022\/12\/ikaslan_baja_052_Meetmeinthenorth2022-1024x681.jpg 1024w, https:\/\/www.ikaslanfundazioa.eus\/wp-content\/uploads\/2022\/12\/ikaslan_baja_052_Meetmeinthenorth2022-300x200.jpg 300w, https:\/\/www.ikaslanfundazioa.eus\/wp-content\/uploads\/2022\/12\/ikaslan_baja_052_Meetmeinthenorth2022-768x511.jpg 768w, https:\/\/www.ikaslanfundazioa.eus\/wp-content\/uploads\/2022\/12\/ikaslan_baja_052_Meetmeinthenorth2022-1536x1022.jpg 1536w, https:\/\/www.ikaslanfundazioa.eus\/wp-content\/uploads\/2022\/12\/ikaslan_baja_052_Meetmeinthenorth2022.jpg 1920w\" sizes=\"auto, (max-width: 1024px) 100vw, 1024px\" \/><\/figure>\n<\/div>\n\n\n<h5 class=\"gb-headline gb-headline-21617019 gb-headline-text\"><strong><strong><strong><strong><strong>Ikasgune <\/strong><\/strong><\/strong><\/strong><\/strong><br><strong><strong><strong><strong><strong>CONFORMADO Y MECANIZADO<\/strong><\/strong><\/strong><\/strong><\/strong><\/h5>\n\n\n<div class=\"gb-container gb-container-8a00199b sombraCaja\"><div class=\"gb-inside-container\">\n\n<p class=\"has-text-align-center\">Entorno de conformado de chapa y fabricaci\u00f3n de piezas por arranque de viruta<\/p>\n\n<\/div><\/div>\n<\/div><\/div><\/div>\n\n<div class=\"gb-grid-column gb-grid-column-eb87e7b3\"><div class=\"gb-container gb-container-eb87e7b3 sombraCaja\"><a class=\"gb-container-link\" href=\"https:\/\/www.ikaslanfundazioa.eus\/es\/ikasgune-soldadura\/\"><\/a><div class=\"gb-inside-container\">\n<div class=\"wp-block-image\">\n<figure class=\"aligncenter size-large\"><img loading=\"lazy\" decoding=\"async\" width=\"1024\" height=\"681\" src=\"https:\/\/www.ikaslan.com\/wp-content\/uploads\/2022\/12\/ikaslan_baja_220_Meetmeinthenorth2022-1024x681.jpg\" alt=\"\" class=\"wp-image-1226\" srcset=\"https:\/\/www.ikaslanfundazioa.eus\/wp-content\/uploads\/2022\/12\/ikaslan_baja_220_Meetmeinthenorth2022-1024x681.jpg 1024w, https:\/\/www.ikaslanfundazioa.eus\/wp-content\/uploads\/2022\/12\/ikaslan_baja_220_Meetmeinthenorth2022-300x200.jpg 300w, https:\/\/www.ikaslanfundazioa.eus\/wp-content\/uploads\/2022\/12\/ikaslan_baja_220_Meetmeinthenorth2022-768x511.jpg 768w, https:\/\/www.ikaslanfundazioa.eus\/wp-content\/uploads\/2022\/12\/ikaslan_baja_220_Meetmeinthenorth2022-1536x1022.jpg 1536w, https:\/\/www.ikaslanfundazioa.eus\/wp-content\/uploads\/2022\/12\/ikaslan_baja_220_Meetmeinthenorth2022.jpg 1920w\" sizes=\"auto, (max-width: 1024px) 100vw, 1024px\" \/><\/figure>\n<\/div>\n\n\n<h5 class=\"gb-headline gb-headline-6ddcfee8 gb-headline-text\"><strong><strong><strong><strong>Ikasgune <\/strong><\/strong><\/strong><\/strong><br><strong><strong><strong><strong>SOLDADURA<\/strong><\/strong><\/strong><\/strong><\/h5>\n\n\n<div class=\"gb-container gb-container-f3ea1273\"><div class=\"gb-inside-container\">\n\n<p class=\"has-text-align-center\">Entorno de montaje de estructuras soldadas bajo plano y siguiendo requisitos de calidad<\/p>\n\n<\/div><\/div>\n<\/div><\/div><\/div>\n\n<div class=\"gb-grid-column gb-grid-column-a52dc4cf\"><div class=\"gb-container gb-container-a52dc4cf sombraCaja\"><a class=\"gb-container-link\" href=\"https:\/\/www.ikaslanfundazioa.eus\/es\/ikasgune-montajes-electromecanicos\/\"><\/a><div class=\"gb-inside-container\">\n<div class=\"wp-block-image\">\n<figure class=\"aligncenter size-large\"><img loading=\"lazy\" decoding=\"async\" width=\"1024\" height=\"681\" src=\"https:\/\/www.ikaslan.com\/wp-content\/uploads\/2022\/12\/ikaslan_baja_102_Meetmeinthenorth2022-1024x681.jpg\" alt=\"\" class=\"wp-image-990\" srcset=\"https:\/\/www.ikaslanfundazioa.eus\/wp-content\/uploads\/2022\/12\/ikaslan_baja_102_Meetmeinthenorth2022-1024x681.jpg 1024w, https:\/\/www.ikaslanfundazioa.eus\/wp-content\/uploads\/2022\/12\/ikaslan_baja_102_Meetmeinthenorth2022-300x200.jpg 300w, https:\/\/www.ikaslanfundazioa.eus\/wp-content\/uploads\/2022\/12\/ikaslan_baja_102_Meetmeinthenorth2022-768x511.jpg 768w, https:\/\/www.ikaslanfundazioa.eus\/wp-content\/uploads\/2022\/12\/ikaslan_baja_102_Meetmeinthenorth2022-1536x1022.jpg 1536w, https:\/\/www.ikaslanfundazioa.eus\/wp-content\/uploads\/2022\/12\/ikaslan_baja_102_Meetmeinthenorth2022.jpg 1920w\" sizes=\"auto, (max-width: 1024px) 100vw, 1024px\" \/><\/figure>\n<\/div>\n\n\n<h5 class=\"gb-headline gb-headline-9c78e6f5 gb-headline-text\"><strong><strong><strong>Ikasgune <\/strong><\/strong><\/strong><br><strong><strong><strong>MONTAJES ELECTROMEC\u00c1NICOS<\/strong><\/strong><\/strong><\/h5>\n\n\n<div class=\"gb-container gb-container-6d45d778\"><div class=\"gb-inside-container\">\n\n<p class=\"has-text-align-center\">Entorno de montaje tanto de conjuntos mec\u00e1nicos como de cuadros y elementos el\u00e9ctricos<\/p>\n\n<\/div><\/div>\n<\/div><\/div><\/div>\n\n<div class=\"gb-grid-column gb-grid-column-09ee5391\"><div class=\"gb-container gb-container-09ee5391 sombraCaja\"><a class=\"gb-container-link\" href=\"https:\/\/www.ikaslanfundazioa.eus\/es\/ikasgune-logistica\/\"><\/a><div class=\"gb-inside-container\">\n<div class=\"wp-block-image\">\n<figure class=\"aligncenter size-large\"><img loading=\"lazy\" decoding=\"async\" width=\"1024\" height=\"681\" src=\"https:\/\/www.ikaslan.com\/wp-content\/uploads\/2022\/12\/ikaslan_baja_004_Meetmeinthenorth2022-1024x681.jpg\" alt=\"\" class=\"wp-image-794\" srcset=\"https:\/\/www.ikaslanfundazioa.eus\/wp-content\/uploads\/2022\/12\/ikaslan_baja_004_Meetmeinthenorth2022-1024x681.jpg 1024w, https:\/\/www.ikaslanfundazioa.eus\/wp-content\/uploads\/2022\/12\/ikaslan_baja_004_Meetmeinthenorth2022-300x200.jpg 300w, https:\/\/www.ikaslanfundazioa.eus\/wp-content\/uploads\/2022\/12\/ikaslan_baja_004_Meetmeinthenorth2022-768x511.jpg 768w, https:\/\/www.ikaslanfundazioa.eus\/wp-content\/uploads\/2022\/12\/ikaslan_baja_004_Meetmeinthenorth2022-1536x1022.jpg 1536w, https:\/\/www.ikaslanfundazioa.eus\/wp-content\/uploads\/2022\/12\/ikaslan_baja_004_Meetmeinthenorth2022.jpg 1920w\" sizes=\"auto, (max-width: 1024px) 100vw, 1024px\" \/><\/figure>\n<\/div>\n\n\n<h5 class=\"gb-headline gb-headline-188d5302 gb-headline-text\"><strong><strong>Ikasgune <\/strong><\/strong><br><strong><strong>LOG\u00cdSTICA<\/strong><\/strong><\/h5>\n\n\n<div class=\"gb-container gb-container-3783412c\"><div class=\"gb-inside-container\">\n\n<p class=\"has-text-align-center\">Entorno de gesti\u00f3n de almac\u00e9n con seguimiento y preparado de pedidos<\/p>\n\n<\/div><\/div>\n<\/div><\/div><\/div>\n\n<div class=\"gb-grid-column gb-grid-column-0bd3659e\"><div class=\"gb-container gb-container-0bd3659e sombraCaja\"><a class=\"gb-container-link\" href=\"https:\/\/www.ikaslanfundazioa.eus\/es\/ikasgune-servicios\/\"><\/a><div class=\"gb-inside-container\">\n<div class=\"wp-block-image\">\n<figure class=\"aligncenter size-large\"><img loading=\"lazy\" decoding=\"async\" width=\"1024\" height=\"681\" src=\"https:\/\/www.ikaslan.com\/wp-content\/uploads\/2022\/12\/ikaslan_baja_118_Meetmeinthenorth2022-1024x681.jpg\" alt=\"\" class=\"wp-image-1022\" srcset=\"https:\/\/www.ikaslanfundazioa.eus\/wp-content\/uploads\/2022\/12\/ikaslan_baja_118_Meetmeinthenorth2022-1024x681.jpg 1024w, https:\/\/www.ikaslanfundazioa.eus\/wp-content\/uploads\/2022\/12\/ikaslan_baja_118_Meetmeinthenorth2022-300x200.jpg 300w, https:\/\/www.ikaslanfundazioa.eus\/wp-content\/uploads\/2022\/12\/ikaslan_baja_118_Meetmeinthenorth2022-768x511.jpg 768w, https:\/\/www.ikaslanfundazioa.eus\/wp-content\/uploads\/2022\/12\/ikaslan_baja_118_Meetmeinthenorth2022-1536x1022.jpg 1536w, https:\/\/www.ikaslanfundazioa.eus\/wp-content\/uploads\/2022\/12\/ikaslan_baja_118_Meetmeinthenorth2022.jpg 1920w\" sizes=\"auto, (max-width: 1024px) 100vw, 1024px\" \/><\/figure>\n<\/div>\n\n\n<h5 class=\"gb-headline gb-headline-5ea47e74 gb-headline-text\"><strong><strong>Ikasgune <\/strong><\/strong><br><strong><strong>SERVICIOS<\/strong><\/strong><\/h5>\n\n\n\n<p class=\"has-text-align-center\">Entorno de servicios indirectos internos: <\/p>\n\n\n\n<ul class=\"wp-block-list\">\n<li>Administraci\u00f3n y gesti\u00f3n<\/li>\n\n\n\n<li>Calidad<\/li>\n\n\n\n<li>Mantenimiento<\/li>\n<\/ul>\n\n<\/div><\/div><\/div>\n<\/div>\n<\/div><div class=\"gb-shapes\"><div class=\"gb-shape gb-shape-1\"><svg xmlns=\"http:\/\/www.w3.org\/2000\/svg\" viewBox=\"0 0 1200 194.3\" preserveAspectRatio=\"none\"><path d=\"M1200 133.3l-50 8.9c-50 8.6-150 26.9-250 31.1-100 4.2-200-4.2-300-26.7S400 89.2 300 62.2C200 35.8 100 17.5 50 8.9L0 0v194.3h1200v-61z\"\/><\/svg><\/div><\/div><\/div>","protected":false},"excerpt":{"rendered":"<p>Ofrecemos a las\/os alumnas\/os Goierri Eskolak y Ikaslan Fundazioa, juntos, te ofrecemos una primera experiencia profesional que enriquecer\u00e1 tu formaci\u00f3n. Gracias a pr\u00e1cticas de calidad, adem\u00e1s de obtener tu t\u00edtulo de Formaci\u00f3n Profesional, acumular\u00e1s entre 800 y 1.100 horas de experiencia laboral real, aportando un valor a\u00f1adido a tu curr\u00edculum. Las empresas del Goierri conocen &#8230; <a title=\"A alumnas\/os\" class=\"read-more\" href=\"https:\/\/www.ikaslanfundazioa.eus\/es\/a-alumnos\/\" aria-label=\"M\u00e1s en A alumnas\/os\">Leer m\u00e1s<\/a><\/p>\n","protected":false},"author":1,"featured_media":0,"parent":0,"menu_order":0,"comment_status":"closed","ping_status":"closed","template":"","meta":{"footnotes":""},"class_list":["post-21","page","type-page","status-publish"],"_links":{"self":[{"href":"https:\/\/www.ikaslanfundazioa.eus\/es\/wp-json\/wp\/v2\/pages\/21","targetHints":{"allow":["GET"]}}],"collection":[{"href":"https:\/\/www.ikaslanfundazioa.eus\/es\/wp-json\/wp\/v2\/pages"}],"about":[{"href":"https:\/\/www.ikaslanfundazioa.eus\/es\/wp-json\/wp\/v2\/types\/page"}],"author":[{"embeddable":true,"href":"https:\/\/www.ikaslanfundazioa.eus\/es\/wp-json\/wp\/v2\/users\/1"}],"replies":[{"embeddable":true,"href":"https:\/\/www.ikaslanfundazioa.eus\/es\/wp-json\/wp\/v2\/comments?post=21"}],"version-history":[{"count":112,"href":"https:\/\/www.ikaslanfundazioa.eus\/es\/wp-json\/wp\/v2\/pages\/21\/revisions"}],"predecessor-version":[{"id":4003,"href":"https:\/\/www.ikaslanfundazioa.eus\/es\/wp-json\/wp\/v2\/pages\/21\/revisions\/4003"}],"wp:attachment":[{"href":"https:\/\/www.ikaslanfundazioa.eus\/es\/wp-json\/wp\/v2\/media?parent=21"}],"curies":[{"name":"wp","href":"https:\/\/api.w.org\/{rel}","templated":true}]}}