{"id":2420,"date":"2023-05-08T18:59:48","date_gmt":"2023-05-08T18:59:48","guid":{"rendered":"https:\/\/www.ikaslan.com\/?page_id=2420"},"modified":"2024-04-17T18:30:43","modified_gmt":"2024-04-17T17:30:43","slug":"politica-de-cookies","status":"publish","type":"page","link":"https:\/\/www.ikaslanfundazioa.eus\/es\/politica-de-cookies\/","title":{"rendered":"Pol\u00edtica de cookies"},"content":{"rendered":"<div class=\"gb-container gb-container-723a6a71\"><div class=\"gb-inside-container\">\n\n<div class=\"wp-block-columns is-layout-flex wp-container-core-columns-is-layout-9d6595d7 wp-block-columns-is-layout-flex\">\n<div class=\"wp-block-column is-layout-flow wp-block-column-is-layout-flow\" style=\"flex-basis:100%\">\n<h2 class=\"wp-block-heading\">POLITICA DE COOKIES<\/h2>\n<\/div>\n<\/div>\n\n\n\n<h3 class=\"wp-block-heading\">Sobre la politica de cookies<\/h3>\n\n\n\n<p>Esta pol\u00edtica de cookies explica qu\u00e9 son las cookies y c\u00f3mo las utilizamos, los tipos de cookies que utilizamos, es decir, la informaci\u00f3n que recopilamos utilizando cookies y c\u00f3mo se utiliza esa informaci\u00f3n, y c\u00f3mo se controlan las preferencias de las cookies. Para saber c\u00f3mo manejamos, almacenamos y mantenemos seguros los datos personales, consulte nuestra pol\u00edtica de privacidad. En cualquier momento puedes modificar o retirar la declaraci\u00f3n de cookies en nuestra web. Consigue m\u00e1s informaci\u00f3n sobre qui\u00e9nes somos, c\u00f3mo se puede comunicar con nosotros y c\u00f3mo procesamos los datos personales en nuestra pol\u00edtica de privacidad. Su autorizaci\u00f3n se aplica a los dominios www.ikaslan..com<\/p>\n\n\n\n<p><\/p>\n\n\n\n<h3 class=\"wp-block-heading\">\u00bfQu\u00e9 son las cookies?<\/h3>\n\n\n\n<p>Las cookies son peque\u00f1os archivos de texto que se utilizan para almacenar peque\u00f1os fragmentos de informaci\u00f3n. Se almacenan en su dispositivo cuando el sitio web se carga en su navegador. Estas cookies nos ayudan a hacer que el sitio web funcione correctamente, hacerlo m\u00e1s seguro, brindar una mejor experiencia al usuario, comprender c\u00f3mo funciona el sitio web y analizar qu\u00e9 funciona y d\u00f3nde necesita mejorar.<\/p>\n\n\n\n<h3 class=\"wp-block-heading\">\u00bfC\u00f3mo usamos las cookies?<\/h3>\n\n\n\n<p>Como la mayor\u00eda de los servicios en l\u00ednea, nuestro sitio web utiliza cookies propias y de terceros para varios prop\u00f3sitos. Las cookies de origen son principalmente necesarias para que el sitio web funcione correctamente y no recopilan ninguno de sus datos de identificaci\u00f3n personal. Las cookies de terceros que se utilizan en nuestro sitio web son principalmente para comprender c\u00f3mo funciona el sitio web, c\u00f3mo interact\u00faa con nuestro sitio web, mantener nuestros servicios seguros, proporcionar anuncios que sean relevantes para usted y, en general, brindarle un usuario mejor y mejorado. experiencia y ayude a acelerar sus interacciones futuras con nuestro sitio web.<\/p>\n\n\n\n<h3 class=\"wp-block-heading\">\u00bfQu\u00e9 tipos de cookies utilizamos?<\/h3>\n\n\n\n<p><strong>Esencial:<\/strong>&nbsp;algunas cookies son esenciales para que pueda experimentar la funcionalidad completa de nuestro sitio. Nos permiten mantener las sesiones de los usuarios y prevenir cualquier amenaza a la seguridad. No recopilan ni almacenan ninguna informaci\u00f3n personal. Por ejemplo, estas cookies le permiten iniciar sesi\u00f3n en su cuenta y agregar productos a su carrito y realizar el pago de forma segura.<\/p>\n\n\n\n<p><strong>Estad\u00edsticas:<\/strong>&nbsp;estas cookies almacenan informaci\u00f3n como el n\u00famero de visitantes al sitio web, el n\u00famero de visitantes \u00fanicos, las p\u00e1ginas del sitio web que se han visitado, la fuente de la visita, etc. Estos datos nos ayudan a comprender y analizar el rendimiento del sitio web. y donde necesita mejorar.<\/p>\n\n\n\n<p><strong>Marketing:<\/strong>&nbsp;nuestro sitio web muestra anuncios. Estas cookies se utilizan para personalizar los anuncios que le mostramos para que sean significativos para usted. Estas cookies tambi\u00e9n nos ayudan a realizar un seguimiento de la eficiencia de estas campa\u00f1as publicitarias. Los proveedores de publicidad de terceros tambi\u00e9n pueden utilizar la informaci\u00f3n almacenada en estas cookies para mostrarle anuncios en otros sitios web en el navegador.<\/p>\n\n\n\n<p><strong>Funcionales:<\/strong>&nbsp;Son las cookies que ayudan a determinadas funcionalidades no esenciales de nuestro sitio web. Estas funcionalidades incluyen incrustar contenido como videos o compartir contenido del sitio web en plataformas de redes sociales.<\/p>\n\n\n\n<p><strong>Preferencias:<\/strong>&nbsp;estas cookies nos ayudan a almacenar su configuraci\u00f3n y preferencias de navegaci\u00f3n, como las preferencias de idioma, para que tenga una experiencia mejor y m\u00e1s eficiente en futuras visitas al sitio web.<\/p>\n\n\n\n<p>La siguiente lista detalla las cookies utilizadas en nuestro sitio web.<\/p>\n\n\n\n<p><strong>Cookies:<\/strong>\u00a0 \u00a0 \u00a0 \u00a0 \u00a0 \u00a0 \u00a0 \u00a0 \u00a0 \u00a0 \u00a0 \u00a0 \u00a0 \u00a0 \u00a0 \u00a0\u00a0 \u00a0 \u00a0 \u00a0 \u00a0 \u00a0 \u00a0\u00a0<strong>Duraci\u00f3n:<\/strong><\/p>\n\n\n\n<figure class=\"wp-block-table\"><table><thead><tr><th>Cookie<\/th><th>Duraci\u00f3n<\/th><\/tr><\/thead><tbody><tr><td>VISITOR_INFO1_LIVE<\/td><td>6 meses<\/td><\/tr><tr><td>VISITOR_PRIVACY_METADATA<\/td><td>6 meses<\/td><\/tr><tr><td>YSC<\/td><td>Sesi\u00f3n<\/td><\/tr><tr><td>_ga<\/td><td>13 meses<\/td><\/tr><tr><td>_ga_QY42NZK0RM<\/td><td>13 meses<\/td><\/tr><tr><td>cookieyes-consent<\/td><td>14 meses<\/td><\/tr><tr><td>wp-wpml_current_language<\/td><td>Sesi\u00f3n<\/td><\/tr><\/tbody><\/table><\/figure>\n\n\n\n<h3 class=\"wp-block-heading\">\u00bfC\u00f3mo puedo controlar las preferencias de las cookies?<\/h3>\n\n\n\n<p>Si decide cambiar sus preferencias m\u00e1s adelante a trav\u00e9s de su sesi\u00f3n de navegaci\u00f3n, puede hacer clic en la pesta\u00f1a \u00abPol\u00edtica de privacidad y cookies\u00bb en su pantalla. Esto mostrar\u00e1 el aviso de consentimiento nuevamente, lo que le permitir\u00e1 cambiar sus preferencias o retirar su consentimiento por completo. Adem\u00e1s de esto, diferentes navegadores proporcionan diferentes m\u00e9todos para bloquear y eliminar las cookies utilizadas por los sitios web. Puede cambiar la configuraci\u00f3n de su navegador para bloquear \/ eliminar las cookies. Para obtener m\u00e1s informaci\u00f3n sobre c\u00f3mo administrar y eliminar cookies, visite&nbsp;<a href=\"http:\/\/www.wikipedia.org\/\" target=\"_blank\" rel=\"noreferrer noopener\">www.wikipedia.org<\/a>&nbsp;o&nbsp;<a href=\"http:\/\/www.allaboutcookies.org\/\" target=\"_blank\" rel=\"noreferrer noopener\">www.allaboutcookies.org<\/a>.<\/p>\n\n<\/div><\/div>","protected":false},"excerpt":{"rendered":"<p>POLITICA DE COOKIES Sobre la politica de cookies Esta pol\u00edtica de cookies explica qu\u00e9 son las cookies y c\u00f3mo las utilizamos, los tipos de cookies que utilizamos, es decir, la informaci\u00f3n que recopilamos utilizando cookies y c\u00f3mo se utiliza esa informaci\u00f3n, y c\u00f3mo se controlan las preferencias de las cookies. Para saber c\u00f3mo manejamos, almacenamos &#8230; <a title=\"Pol\u00edtica de cookies\" class=\"read-more\" href=\"https:\/\/www.ikaslanfundazioa.eus\/es\/politica-de-cookies\/\" aria-label=\"M\u00e1s en Pol\u00edtica de cookies\">Leer m\u00e1s<\/a><\/p>\n","protected":false},"author":1,"featured_media":0,"parent":0,"menu_order":0,"comment_status":"closed","ping_status":"closed","template":"","meta":{"footnotes":""},"class_list":["post-2420","page","type-page","status-publish"],"_links":{"self":[{"href":"https:\/\/www.ikaslanfundazioa.eus\/es\/wp-json\/wp\/v2\/pages\/2420","targetHints":{"allow":["GET"]}}],"collection":[{"href":"https:\/\/www.ikaslanfundazioa.eus\/es\/wp-json\/wp\/v2\/pages"}],"about":[{"href":"https:\/\/www.ikaslanfundazioa.eus\/es\/wp-json\/wp\/v2\/types\/page"}],"author":[{"embeddable":true,"href":"https:\/\/www.ikaslanfundazioa.eus\/es\/wp-json\/wp\/v2\/users\/1"}],"replies":[{"embeddable":true,"href":"https:\/\/www.ikaslanfundazioa.eus\/es\/wp-json\/wp\/v2\/comments?post=2420"}],"version-history":[{"count":2,"href":"https:\/\/www.ikaslanfundazioa.eus\/es\/wp-json\/wp\/v2\/pages\/2420\/revisions"}],"predecessor-version":[{"id":3754,"href":"https:\/\/www.ikaslanfundazioa.eus\/es\/wp-json\/wp\/v2\/pages\/2420\/revisions\/3754"}],"wp:attachment":[{"href":"https:\/\/www.ikaslanfundazioa.eus\/es\/wp-json\/wp\/v2\/media?parent=2420"}],"curies":[{"name":"wp","href":"https:\/\/api.w.org\/{rel}","templated":true}]}}